{"id":203,"date":"2020-08-14T09:55:07","date_gmt":"2020-08-14T09:55:07","guid":{"rendered":"http:\/\/wp.lass-dich-massieren.de\/?page_id=203"},"modified":"2020-09-25T15:50:59","modified_gmt":"2020-09-25T15:50:59","slug":"coaching","status":"publish","type":"page","link":"https:\/\/www.lass-dich-massieren.de\/?page_id=203","title":{"rendered":"Coaching"},"content":{"rendered":"<div class=\"fusion-fullwidth fullwidth-box fusion-builder-row-1 hundred-percent-fullwidth non-hundred-percent-height-scrolling\" style=\"--awb-border-radius-top-left:0px;--awb-border-radius-top-right:0px;--awb-border-radius-bottom-right:0px;--awb-border-radius-bottom-left:0px;--awb-flex-wrap:wrap;\" ><div class=\"fusion-builder-row fusion-row\"><div class=\"fusion-layout-column fusion_builder_column fusion-builder-column-0 fusion_builder_column_1_5 1_5 fusion-one-fifth fusion-column-first\" style=\"--awb-bg-size:cover;width:20%;width:calc(20% - ( ( 4% + 4% ) * 0.2 ) );margin-right: 4%;\"><div class=\"fusion-column-wrapper fusion-column-has-shadow fusion-flex-column-wrapper-legacy\"><div class=\"fusion-clearfix\"><\/div><\/div><\/div><div class=\"fusion-layout-column fusion_builder_column fusion-builder-column-1 fusion_builder_column_3_5 3_5 fusion-three-fifth\" style=\"--awb-bg-size:cover;width:60%;width:calc(60% - ( ( 4% + 4% ) * 0.6 ) );margin-right: 4%;\"><div class=\"fusion-column-wrapper fusion-column-has-shadow fusion-flex-column-wrapper-legacy\"><div class=\"fusion-builder-row fusion-builder-row-inner fusion-row\"><div class=\"fusion-layout-column fusion_builder_column_inner fusion-builder-nested-column-0 fusion_builder_column_inner_2_3 2_3 fusion-two-third fusion-column-first\" style=\"--awb-bg-size:cover;width:66.666666666667%;width:calc(66.666666666667% - ( ( 5% ) * 0.66666666666667 ) );margin-right: 5%;\"><div class=\"fusion-column-wrapper fusion-column-has-shadow fusion-flex-column-wrapper-legacy\"><div class=\"fusion-title title fusion-title-1 fusion-sep-none fusion-title-text fusion-title-size-one\" style=\"--awb-margin-top:0px;--awb-margin-bottom:10px;--awb-margin-top-small:0px;\"><h1 class=\"fusion-title-heading title-heading-left\" style=\"margin:0;\">K\u00f6rperorientiertes Coaching<\/h1><\/div><div class=\"fusion-title title fusion-title-2 fusion-sep-none fusion-title-text fusion-title-size-three\" style=\"--awb-margin-top:0px;--awb-margin-bottom:50px;\"><h3 class=\"fusion-title-heading title-heading-left\" style=\"margin:0;\">Vertrauen Sie dem Wissen Ihres K\u00f6rpers<\/h3><\/div><div class=\"fusion-title title fusion-title-3 fusion-sep-none fusion-title-text fusion-title-size-three\" style=\"--awb-margin-top:0px;--awb-margin-bottom:25px;\"><h3 class=\"fusion-title-heading title-heading-left\" style=\"margin:0;\">Famili\u00e4re Herausforderungen<\/h3><\/div><div class=\"fusion-text fusion-text-1\"><p>Sind Sie in einer Lebenssituation, in der Sie das Leben mit Kindern organisieren und vielf\u00e4ltige Aufgaben zu bew\u00e4ltigen haben? Ob es die parallel laufende berufliche Herausforderung ist oder es die h\u00e4uslichen Aufgaben sind, das Gef\u00fchl an Grenzen zu sto\u00dfen taucht h\u00e4ufig auf. Es ist m\u00f6glich trotzdem seine Kraft und Energie zu behalten, genug Zeit f\u00fcr die Kinder, den Partner\/die Partnerin und sich selbst zu haben.<\/p>\n<\/div><div class=\"fusion-title title fusion-title-4 fusion-sep-none fusion-title-text fusion-title-size-three\" style=\"--awb-margin-top:0px;--awb-margin-bottom:25px;\"><h3 class=\"fusion-title-heading title-heading-left\" style=\"margin:0;\">Berufliche Krisen<\/h3><\/div><div class=\"fusion-text fusion-text-2\"><p>F\u00fchlen Sie sich wie in einem Hamsterrad und haben das Gef\u00fchl ihre Arbeit hat keine Wirkung und erf\u00fcllt Sie nicht? Vielleicht hat sich dadurch Niedergeschlagenheit, Energielosigkeit, ein Gef\u00fchl der Sinnlosigkeit oder sogar Angst breit gemacht? Solch ein berufliche Krise ist nicht ausweglos. H\u00e4ufig hilft ein Perspektivenwechsel oder eine Haltungs\u00e4nderung, um aus der Situation gest\u00e4rkt heraus zu gehen.<\/p>\n<\/div><div class=\"fusion-sep-clear\"><\/div><div class=\"fusion-separator fusion-has-icon fusion-full-width-sep\" style=\"margin-left: auto;margin-right: auto;margin-top:15px;margin-bottom:35px;width:100%;\"><div class=\"fusion-separator-border sep-single sep-dotted\" style=\"--awb-height:20px;--awb-amount:20px;--awb-sep-color:#ab192d;border-color:#ab192d;border-top-width:1px;\"><\/div><span class=\"icon-wrapper\" style=\"border-color:transparent;font-size:16px;width: 1.75em; height: 1.75em;border-width:1px;padding:1px;margin-top:-0.5px\"><i class=\"fa-sun fas\" style=\"font-size: inherit;color:#ab192d;\" aria-hidden=\"true\"><\/i><\/span><div class=\"fusion-separator-border sep-single sep-dotted\" style=\"--awb-height:20px;--awb-amount:20px;--awb-sep-color:#ab192d;border-color:#ab192d;border-top-width:1px;\"><\/div><\/div><div class=\"fusion-sep-clear\"><\/div><div class=\"fusion-text fusion-text-3\"><p>In den beschriebenen Lebenssituationen meldet sich meist der K\u00f6rper, verspannt sich, geht in Schonhaltung oder man bekommt R\u00fccken- oder Kopfschmerzen. Beim k\u00f6rperorientierten Coaching gehen wir auf die Suche nach den K\u00f6rper eigenen Ressourcen. Was kann ich nutzen, um den herausfordernden Alltag mit Kraft, Energie, Dankbarkeit und Begeisterung zu begegnen? Wie finde ich aus einer angespannten Haltung &#8211; mental und k\u00f6rperlich &#8211; wieder heraus? Wie kann ich die Situation dadurch \u00e4ndern?<\/p>\n<p>K\u00f6rperorientiertes Coaching nutzt die Ressource K\u00f6rper, um diesen Fragen nachzugehen. Die Grundlage ist dem Wissen des K\u00f6rpers zu vertrauen. Erkenntnisse k\u00f6nnen im K\u00f6rper verankert und so bewusster gemacht werden. Durch die Ber\u00fchrung, also das Einbeziehen des K\u00f6rpers, wird das Wissen \u00fcber sich selbst nachhaltig verinnerlicht und kann dadurch besser abgerufen werden. Wenn Sie sich angesprochen f\u00fchlen und Ihre Situation \u00e4ndern m\u00f6chten, nehmen Sie gerne mit mir <a href=\"https:\/\/www.lass-dich-massieren.de\/?page_id=97\">Kontakt<\/a> auf.<\/p>\n<\/div><div class=\"fusion-clearfix\"><\/div><\/div><\/div><div class=\"fusion-layout-column fusion_builder_column_inner fusion-builder-nested-column-1 fusion_builder_column_inner_1_3 1_3 fusion-one-third fusion-column-last\" style=\"--awb-bg-size:cover;width:33.333333333333%;width:calc(33.333333333333% - ( ( 5% ) * 0.33333333333333 ) );\"><div class=\"fusion-column-wrapper fusion-column-has-shadow fusion-flex-column-wrapper-legacy\"><div class=\"fusion-image-element fusion-image-align-center in-legacy-container\" style=\"text-align:center;--awb-caption-title-font-family:var(--h2_typography-font-family);--awb-caption-title-font-weight:var(--h2_typography-font-weight);--awb-caption-title-font-style:var(--h2_typography-font-style);--awb-caption-title-size:var(--h2_typography-font-size);--awb-caption-title-transform:var(--h2_typography-text-transform);--awb-caption-title-line-height:var(--h2_typography-line-height);--awb-caption-title-letter-spacing:var(--h2_typography-letter-spacing);\"><div class=\"imageframe-align-center\"><span class=\" fusion-imageframe imageframe-none imageframe-1 hover-type-none\"><img decoding=\"async\" width=\"1316\" height=\"2560\" alt=\"muscheln achtsamkeit zeit fuer sich kraft schoepfen\" title=\"018_judith_zuehlsdorf_massage\" src=\"https:\/\/www.lass-dich-massieren.de\/wp-content\/uploads\/2020\/07\/018_judith_zuehlsdorf_massage-scaled.jpg\" class=\"img-responsive wp-image-82\" srcset=\"https:\/\/www.lass-dich-massieren.de\/wp-content\/uploads\/2020\/07\/018_judith_zuehlsdorf_massage-200x389.jpg 200w, https:\/\/www.lass-dich-massieren.de\/wp-content\/uploads\/2020\/07\/018_judith_zuehlsdorf_massage-400x778.jpg 400w, https:\/\/www.lass-dich-massieren.de\/wp-content\/uploads\/2020\/07\/018_judith_zuehlsdorf_massage-600x1168.jpg 600w, https:\/\/www.lass-dich-massieren.de\/wp-content\/uploads\/2020\/07\/018_judith_zuehlsdorf_massage-800x1557.jpg 800w, https:\/\/www.lass-dich-massieren.de\/wp-content\/uploads\/2020\/07\/018_judith_zuehlsdorf_massage-1200x2335.jpg 1200w, https:\/\/www.lass-dich-massieren.de\/wp-content\/uploads\/2020\/07\/018_judith_zuehlsdorf_massage-scaled.jpg 1316w\" sizes=\"(max-width: 800px) 100vw, 400px\" \/><\/span><\/div><\/div><div class=\"fusion-clearfix\"><\/div><\/div><\/div><\/div><div class=\"fusion-clearfix\"><\/div><\/div><\/div><div class=\"fusion-layout-column fusion_builder_column fusion-builder-column-2 fusion_builder_column_1_5 1_5 fusion-one-fifth fusion-column-last\" style=\"--awb-bg-size:cover;width:20%;width:calc(20% - ( ( 4% + 4% ) * 0.2 ) );\"><div class=\"fusion-column-wrapper fusion-column-has-shadow fusion-flex-column-wrapper-legacy\"><div class=\"fusion-clearfix\"><\/div><\/div><\/div><\/div><\/div>\n","protected":false},"excerpt":{"rendered":"","protected":false},"author":1,"featured_media":0,"parent":0,"menu_order":0,"comment_status":"closed","ping_status":"closed","template":"100-width.php","meta":{"footnotes":""},"class_list":["post-203","page","type-page","status-publish","hentry"],"yoast_head":"<!-- This site is optimized with the Yoast SEO plugin v26.8 - https:\/\/yoast.com\/product\/yoast-seo-wordpress\/ -->\n<title>Coaching | lass-dich-massieren.de<\/title>\n<meta name=\"robots\" content=\"index, follow, max-snippet:-1, max-image-preview:large, max-video-preview:-1\" \/>\n<link rel=\"canonical\" href=\"https:\/\/www.lass-dich-massieren.de\/?page_id=203\" \/>\n<meta property=\"og:locale\" content=\"de_DE\" \/>\n<meta property=\"og:type\" content=\"article\" \/>\n<meta property=\"og:title\" content=\"Coaching | lass-dich-massieren.de\" \/>\n<meta property=\"og:url\" content=\"https:\/\/www.lass-dich-massieren.de\/?page_id=203\" \/>\n<meta property=\"og:site_name\" content=\"lass-dich-massieren.de\" \/>\n<meta property=\"article:modified_time\" content=\"2020-09-25T15:50:59+00:00\" \/>\n<meta name=\"twitter:card\" content=\"summary_large_image\" \/>\n<meta name=\"twitter:label1\" content=\"Gesch\u00e4tzte Lesezeit\" \/>\n\t<meta name=\"twitter:data1\" content=\"10\u00a0Minuten\" \/>\n<script type=\"application\/ld+json\" class=\"yoast-schema-graph\">{\"@context\":\"https:\/\/schema.org\",\"@graph\":[{\"@type\":\"WebPage\",\"@id\":\"https:\/\/www.lass-dich-massieren.de\/?page_id=203\",\"url\":\"https:\/\/www.lass-dich-massieren.de\/?page_id=203\",\"name\":\"Coaching | lass-dich-massieren.de\",\"isPartOf\":{\"@id\":\"\/#website\"},\"datePublished\":\"2020-08-14T09:55:07+00:00\",\"dateModified\":\"2020-09-25T15:50:59+00:00\",\"breadcrumb\":{\"@id\":\"https:\/\/www.lass-dich-massieren.de\/?page_id=203#breadcrumb\"},\"inLanguage\":\"de\",\"potentialAction\":[{\"@type\":\"ReadAction\",\"target\":[\"https:\/\/www.lass-dich-massieren.de\/?page_id=203\"]}]},{\"@type\":\"BreadcrumbList\",\"@id\":\"https:\/\/www.lass-dich-massieren.de\/?page_id=203#breadcrumb\",\"itemListElement\":[{\"@type\":\"ListItem\",\"position\":1,\"name\":\"Startseite\",\"item\":\"https:\/\/www.lass-dich-massieren.de\/\"},{\"@type\":\"ListItem\",\"position\":2,\"name\":\"Coaching\"}]},{\"@type\":\"WebSite\",\"@id\":\"\/#website\",\"url\":\"\/\",\"name\":\"lass-dich-massieren.de\",\"description\":\"TouchLife Massage Waiblingen Hegnach\",\"publisher\":{\"@id\":\"\/#\/schema\/person\/c1a815c0486882041b1f9eba19ca2c96\"},\"potentialAction\":[{\"@type\":\"SearchAction\",\"target\":{\"@type\":\"EntryPoint\",\"urlTemplate\":\"\/?s={search_term_string}\"},\"query-input\":{\"@type\":\"PropertyValueSpecification\",\"valueRequired\":true,\"valueName\":\"search_term_string\"}}],\"inLanguage\":\"de\"},{\"@type\":[\"Person\",\"Organization\"],\"@id\":\"\/#\/schema\/person\/c1a815c0486882041b1f9eba19ca2c96\",\"name\":\"Judith Z\u00fchlsdorf\",\"image\":{\"@type\":\"ImageObject\",\"inLanguage\":\"de\",\"@id\":\"\/#\/schema\/person\/image\/\",\"url\":\"https:\/\/secure.gravatar.com\/avatar\/32182397bdc9087a6e87981fed252a2a?s=96&d=mm&r=g\",\"contentUrl\":\"https:\/\/secure.gravatar.com\/avatar\/32182397bdc9087a6e87981fed252a2a?s=96&d=mm&r=g\",\"caption\":\"Judith Z\u00fchlsdorf\"},\"logo\":{\"@id\":\"\/#\/schema\/person\/image\/\"},\"sameAs\":[\"http:\/\/www.lass-dich-massieren.de\"]}]}<\/script>\n<!-- \/ Yoast SEO plugin. -->","yoast_head_json":{"title":"Coaching | lass-dich-massieren.de","robots":{"index":"index","follow":"follow","max-snippet":"max-snippet:-1","max-image-preview":"max-image-preview:large","max-video-preview":"max-video-preview:-1"},"canonical":"https:\/\/www.lass-dich-massieren.de\/?page_id=203","og_locale":"de_DE","og_type":"article","og_title":"Coaching | lass-dich-massieren.de","og_url":"https:\/\/www.lass-dich-massieren.de\/?page_id=203","og_site_name":"lass-dich-massieren.de","article_modified_time":"2020-09-25T15:50:59+00:00","twitter_card":"summary_large_image","twitter_misc":{"Gesch\u00e4tzte Lesezeit":"10\u00a0Minuten"},"schema":{"@context":"https:\/\/schema.org","@graph":[{"@type":"WebPage","@id":"https:\/\/www.lass-dich-massieren.de\/?page_id=203","url":"https:\/\/www.lass-dich-massieren.de\/?page_id=203","name":"Coaching | lass-dich-massieren.de","isPartOf":{"@id":"\/#website"},"datePublished":"2020-08-14T09:55:07+00:00","dateModified":"2020-09-25T15:50:59+00:00","breadcrumb":{"@id":"https:\/\/www.lass-dich-massieren.de\/?page_id=203#breadcrumb"},"inLanguage":"de","potentialAction":[{"@type":"ReadAction","target":["https:\/\/www.lass-dich-massieren.de\/?page_id=203"]}]},{"@type":"BreadcrumbList","@id":"https:\/\/www.lass-dich-massieren.de\/?page_id=203#breadcrumb","itemListElement":[{"@type":"ListItem","position":1,"name":"Startseite","item":"https:\/\/www.lass-dich-massieren.de\/"},{"@type":"ListItem","position":2,"name":"Coaching"}]},{"@type":"WebSite","@id":"\/#website","url":"\/","name":"lass-dich-massieren.de","description":"TouchLife Massage Waiblingen Hegnach","publisher":{"@id":"\/#\/schema\/person\/c1a815c0486882041b1f9eba19ca2c96"},"potentialAction":[{"@type":"SearchAction","target":{"@type":"EntryPoint","urlTemplate":"\/?s={search_term_string}"},"query-input":{"@type":"PropertyValueSpecification","valueRequired":true,"valueName":"search_term_string"}}],"inLanguage":"de"},{"@type":["Person","Organization"],"@id":"\/#\/schema\/person\/c1a815c0486882041b1f9eba19ca2c96","name":"Judith Z\u00fchlsdorf","image":{"@type":"ImageObject","inLanguage":"de","@id":"\/#\/schema\/person\/image\/","url":"https:\/\/secure.gravatar.com\/avatar\/32182397bdc9087a6e87981fed252a2a?s=96&d=mm&r=g","contentUrl":"https:\/\/secure.gravatar.com\/avatar\/32182397bdc9087a6e87981fed252a2a?s=96&d=mm&r=g","caption":"Judith Z\u00fchlsdorf"},"logo":{"@id":"\/#\/schema\/person\/image\/"},"sameAs":["http:\/\/www.lass-dich-massieren.de"]}]}},"_links":{"self":[{"href":"https:\/\/www.lass-dich-massieren.de\/index.php?rest_route=\/wp\/v2\/pages\/203","targetHints":{"allow":["GET"]}}],"collection":[{"href":"https:\/\/www.lass-dich-massieren.de\/index.php?rest_route=\/wp\/v2\/pages"}],"about":[{"href":"https:\/\/www.lass-dich-massieren.de\/index.php?rest_route=\/wp\/v2\/types\/page"}],"author":[{"embeddable":true,"href":"https:\/\/www.lass-dich-massieren.de\/index.php?rest_route=\/wp\/v2\/users\/1"}],"replies":[{"embeddable":true,"href":"https:\/\/www.lass-dich-massieren.de\/index.php?rest_route=%2Fwp%2Fv2%2Fcomments&post=203"}],"version-history":[{"count":10,"href":"https:\/\/www.lass-dich-massieren.de\/index.php?rest_route=\/wp\/v2\/pages\/203\/revisions"}],"predecessor-version":[{"id":246,"href":"https:\/\/www.lass-dich-massieren.de\/index.php?rest_route=\/wp\/v2\/pages\/203\/revisions\/246"}],"wp:attachment":[{"href":"https:\/\/www.lass-dich-massieren.de\/index.php?rest_route=%2Fwp%2Fv2%2Fmedia&parent=203"}],"curies":[{"name":"wp","href":"https:\/\/api.w.org\/{rel}","templated":true}]}}