{"id":16,"date":"2020-06-15T10:26:09","date_gmt":"2020-06-15T10:26:09","guid":{"rendered":"http:\/\/wp.lass-dich-massieren.de\/?page_id=16"},"modified":"2025-04-25T17:19:57","modified_gmt":"2025-04-25T17:19:57","slug":"home","status":"publish","type":"page","link":"https:\/\/www.lass-dich-massieren.de\/","title":{"rendered":"Home"},"content":{"rendered":"<div class=\"fusion-fullwidth fullwidth-box fusion-builder-row-1 hundred-percent-fullwidth non-hundred-percent-height-scrolling\" style=\"--awb-border-radius-top-left:0px;--awb-border-radius-top-right:0px;--awb-border-radius-bottom-right:0px;--awb-border-radius-bottom-left:0px;--awb-flex-wrap:wrap;\" ><div class=\"fusion-builder-row fusion-row\"><div class=\"fusion-layout-column fusion_builder_column fusion-builder-column-0 fusion_builder_column_1_5 1_5 fusion-one-fifth fusion-column-first\" style=\"--awb-bg-size:cover;width:20%;width:calc(20% - ( ( 4% + 4% ) * 0.2 ) );margin-right: 4%;\"><div class=\"fusion-column-wrapper fusion-column-has-shadow fusion-flex-column-wrapper-legacy\"><div class=\"fusion-clearfix\"><\/div><\/div><\/div><div class=\"fusion-layout-column fusion_builder_column fusion-builder-column-1 fusion_builder_column_3_5 3_5 fusion-three-fifth\" style=\"--awb-bg-size:cover;width:60%;width:calc(60% - ( ( 4% + 4% ) * 0.6 ) );margin-right: 4%;\"><div class=\"fusion-column-wrapper fusion-column-has-shadow fusion-flex-column-wrapper-legacy\"><div class=\"fusion-builder-row fusion-builder-row-inner fusion-row\"><div class=\"fusion-layout-column fusion_builder_column_inner fusion-builder-nested-column-0 fusion_builder_column_inner_2_3 2_3 fusion-two-third fusion-column-first\" style=\"--awb-bg-size:cover;width:66.666666666667%;width:calc(66.666666666667% - ( ( 5% ) * 0.66666666666667 ) );margin-right: 5%;\"><div class=\"fusion-column-wrapper fusion-column-has-shadow fusion-flex-column-wrapper-legacy\"><div class=\"fusion-title title fusion-title-1 fusion-sep-none fusion-title-text fusion-title-size-one\" style=\"--awb-margin-top:0px;--awb-margin-bottom:25px;\"><h1 class=\"fusion-title-heading title-heading-left\" style=\"margin:0;\"><p style=\"text-align: left;\">Herzlich Willkommen!<\/p><\/h1><\/div><div class=\"fusion-text fusion-text-1\"><p style=\"text-align: left;\">W\u00fcnschen Sie sich eine Auszeit mit tiefer, vitalisierender Entspannung, um wieder Kraft zu sch\u00f6pfen f\u00fcr den Alltag?<br \/>\nOft sind wir im Alltag nach au\u00dfen gerichtet und geraten in Stress und Anspannung. Unser k\u00f6rperliches, seelisches und geistiges Gleichgewicht ger\u00e4t ins Wanken. Jeder Mensch hat jedoch Ressourcen, mit denen er wieder in Verbindung kommen kann.<\/p>\n<p style=\"text-align: left;\">Mit der TouchLife\u00ae Massage biete ich Ihnen in gesch\u00fctztem Rahmen Zeit, sich zu entspannen, wieder Kraft zu sch\u00f6pfen und sich mit Ihrer inneren Freude zu verbinden.<br \/>\nBesonders am Herzen liegt mir dabei der achtsame Umgang mit den Menschen. Durch Achtsamkeit lernt man inne zu halten, wird gelassener, die Stressanf\u00e4lligkeit sinkt und die Resilienz steigt. Menschen, die lernen achtsam mit sich zu sein, werden achtsamer im Umgang mit ihren Mitmenschen. Mit der Massage m\u00f6chte ich dazu beitragen den wertsch\u00e4tzenden Umgang mit sich selbst und anderen Menschen zu st\u00e4rken.<br \/>\nMeine Arbeit zeichnet sich durch einen Raum der Ruhe aus, mit klarer Pr\u00e4senz in Gespr\u00e4ch und Ber\u00fchrung. Hierbei steht im Vordergrund empathisch, verantwortlich und die Qualit\u00e4ten jedes Menschen hervorhebend zu handeln. Jeder Mensch ist einzigartig und das spiegelt sich in den Massagen wider.<\/p>\n<p style=\"text-align: left;\">Ich freue mich sehr \u00fcber Ihr Interesse. Unter Kontakt finden Sie meine \u2028Daten f\u00fcr weitere Fragen.<\/p>\n<h5 style=\"text-align: left;\">Ihre Judith Z\u00fchlsdorf<\/h5>\n<\/div><div class=\"fusion-sep-clear\"><\/div><div class=\"fusion-separator fusion-full-width-sep\" style=\"margin-left: auto;margin-right: auto;margin-top:30px;margin-bottom:30px;width:100%;\"><div class=\"fusion-separator-border sep-single sep-solid\" style=\"--awb-height:20px;--awb-amount:20px;--awb-sep-color:rgba(226,226,226,0);border-color:rgba(226,226,226,0);border-top-width:1px;\"><\/div><\/div><div class=\"fusion-sep-clear\"><\/div><div class=\"fusion-testimonials classic awb-speech-bubble-show fusion-testimonials-1\" style=\"--awb-textcolor:#ab192d;--awb-backgroundcolor:rgba(255,239,195,0.7);--awb-testimonial-border-style:solid;--awb-testimonial-border-color:var(--awb-color3);--awb-border-top-left-radius:0px;--awb-border-top-right-radius:0px;--awb-border-bottom-left-radius:0px;--awb-border-bottom-right-radius:0px;--testimonial-border-width-top:0px;--testimonial-border-width-right:0px;--testimonial-border-width-bottom:0px;--testimonial-border-width-left:0px;\" data-random=\"0\" data-speed=\"3000\"><div class=\"reviews\"><div class=\"review active-testimonial no-avatar\"><blockquote><div class=\"awb-quote\"><div class=\"awb-quote-content\">\n<p>\u201eIch f\u00fchle mich 10 Jahre j\u00fcnger, wie neu geboren.\u201c<\/p>\n<\/div><\/div><span class=\"awb-triangle\"><\/span><\/blockquote><div class=\"author\"><span class=\"company-name\"><strong>Anni G., 86<\/strong><\/span><\/div><\/div><div class=\"review no-avatar\"><blockquote><div class=\"awb-quote\"><div class=\"awb-quote-content\">\n<p>\u201eDie Welt ist wieder farbiger.\u201c<\/p>\n<\/div><\/div><span class=\"awb-triangle\"><\/span><\/blockquote><div class=\"author\"><span class=\"company-name\"><strong>Carsten Z., 42<\/strong><\/span><\/div><\/div><div class=\"review no-avatar\"><blockquote><div class=\"awb-quote\"><div class=\"awb-quote-content\">\n<p>\u201eDer Druck auf dem Herzen ist verschwunden.\u201c<\/p>\n<\/div><\/div><span class=\"awb-triangle\"><\/span><\/blockquote><div class=\"author\"><span class=\"company-name\"><strong>Uschi K., 68<\/strong><\/span><\/div><\/div><\/div><\/div><div class=\"fusion-clearfix\"><\/div><\/div><\/div><div class=\"fusion-layout-column fusion_builder_column_inner fusion-builder-nested-column-1 fusion_builder_column_inner_1_3 1_3 fusion-one-third fusion-column-last\" style=\"--awb-bg-size:cover;width:33.333333333333%;width:calc(33.333333333333% - ( ( 5% ) * 0.33333333333333 ) );\"><div class=\"fusion-column-wrapper fusion-column-has-shadow fusion-flex-column-wrapper-legacy\"><div class=\"fusion-image-element fusion-image-align-center in-legacy-container\" style=\"text-align:center;--awb-caption-title-font-family:var(--h2_typography-font-family);--awb-caption-title-font-weight:var(--h2_typography-font-weight);--awb-caption-title-font-style:var(--h2_typography-font-style);--awb-caption-title-size:var(--h2_typography-font-size);--awb-caption-title-transform:var(--h2_typography-text-transform);--awb-caption-title-line-height:var(--h2_typography-line-height);--awb-caption-title-letter-spacing:var(--h2_typography-letter-spacing);\"><div class=\"imageframe-align-center\"><span class=\" fusion-imageframe imageframe-none imageframe-1 hover-type-none\" style=\"border-radius:50%;\"><img decoding=\"async\" width=\"200\" height=\"200\" alt=\"judith zuehlsdorf\" title=\"013_judith_zuehlsdorf\" src=\"https:\/\/www.lass-dich-massieren.de\/wp-content\/uploads\/2020\/07\/013_judith_zuehlsdorf-200x200.png\" class=\"img-responsive wp-image-30\" srcset=\"https:\/\/www.lass-dich-massieren.de\/wp-content\/uploads\/2020\/07\/013_judith_zuehlsdorf-200x200.png 200w, https:\/\/www.lass-dich-massieren.de\/wp-content\/uploads\/2020\/07\/013_judith_zuehlsdorf-400x400.png 400w, https:\/\/www.lass-dich-massieren.de\/wp-content\/uploads\/2020\/07\/013_judith_zuehlsdorf-600x600.png 600w, https:\/\/www.lass-dich-massieren.de\/wp-content\/uploads\/2020\/07\/013_judith_zuehlsdorf-800x800.png 800w, https:\/\/www.lass-dich-massieren.de\/wp-content\/uploads\/2020\/07\/013_judith_zuehlsdorf-1200x1200.png 1200w, https:\/\/www.lass-dich-massieren.de\/wp-content\/uploads\/2020\/07\/013_judith_zuehlsdorf.png 1500w\" sizes=\"(max-width: 800px) 100vw, 400px\" \/><\/span><\/div><\/div><div class=\"fusion-sep-clear\"><\/div><div class=\"fusion-separator fusion-full-width-sep\" style=\"margin-left: auto;margin-right: auto;margin-top:10px;margin-bottom:30px;width:100%;\"><div class=\"fusion-separator-border sep-single sep-solid\" style=\"--awb-height:20px;--awb-amount:20px;--awb-sep-color:rgba(226,226,226,0);border-color:rgba(226,226,226,0);border-top-width:1px;\"><\/div><\/div><div class=\"fusion-sep-clear\"><\/div><div class=\"fusion-image-element fusion-image-align-center in-legacy-container\" style=\"text-align:center;--awb-caption-title-font-family:var(--h2_typography-font-family);--awb-caption-title-font-weight:var(--h2_typography-font-weight);--awb-caption-title-font-style:var(--h2_typography-font-style);--awb-caption-title-size:var(--h2_typography-font-size);--awb-caption-title-transform:var(--h2_typography-text-transform);--awb-caption-title-line-height:var(--h2_typography-line-height);--awb-caption-title-letter-spacing:var(--h2_typography-letter-spacing);\"><div class=\"imageframe-align-center\"><span class=\" fusion-imageframe imageframe-none imageframe-2 hover-type-none\"><img decoding=\"async\" width=\"200\" height=\"200\" alt=\"judith zuehlsdorf tonfigur mutter kind massage\" title=\"014_judith_zuehlsdorf\" src=\"https:\/\/www.lass-dich-massieren.de\/wp-content\/uploads\/2020\/07\/014_judith_zuehlsdorf-200x200.png\" class=\"img-responsive wp-image-31\" srcset=\"https:\/\/www.lass-dich-massieren.de\/wp-content\/uploads\/2020\/07\/014_judith_zuehlsdorf-200x200.png 200w, https:\/\/www.lass-dich-massieren.de\/wp-content\/uploads\/2020\/07\/014_judith_zuehlsdorf-400x400.png 400w, https:\/\/www.lass-dich-massieren.de\/wp-content\/uploads\/2020\/07\/014_judith_zuehlsdorf-600x600.png 600w, https:\/\/www.lass-dich-massieren.de\/wp-content\/uploads\/2020\/07\/014_judith_zuehlsdorf-800x800.png 800w, https:\/\/www.lass-dich-massieren.de\/wp-content\/uploads\/2020\/07\/014_judith_zuehlsdorf-1200x1200.png 1200w, https:\/\/www.lass-dich-massieren.de\/wp-content\/uploads\/2020\/07\/014_judith_zuehlsdorf.png 1500w\" sizes=\"(max-width: 800px) 100vw, 400px\" \/><\/span><\/div><\/div><div class=\"fusion-sep-clear\"><\/div><div class=\"fusion-separator fusion-full-width-sep\" style=\"margin-left: auto;margin-right: auto;margin-top:10px;margin-bottom:30px;width:100%;\"><div class=\"fusion-separator-border sep-single sep-solid\" style=\"--awb-height:20px;--awb-amount:20px;--awb-sep-color:rgba(226,226,226,0);border-color:rgba(226,226,226,0);border-top-width:1px;\"><\/div><\/div><div class=\"fusion-sep-clear\"><\/div><div class=\"fusion-image-element fusion-image-align-center in-legacy-container\" style=\"text-align:center;--awb-caption-title-font-family:var(--h2_typography-font-family);--awb-caption-title-font-weight:var(--h2_typography-font-weight);--awb-caption-title-font-style:var(--h2_typography-font-style);--awb-caption-title-size:var(--h2_typography-font-size);--awb-caption-title-transform:var(--h2_typography-text-transform);--awb-caption-title-line-height:var(--h2_typography-line-height);--awb-caption-title-letter-spacing:var(--h2_typography-letter-spacing);\"><div class=\"imageframe-align-center\"><span class=\" fusion-imageframe imageframe-none imageframe-3 hover-type-none\" style=\"border-radius:50%;\"><img decoding=\"async\" width=\"200\" height=\"200\" alt=\"judith zuehlsdorf massage bauch h\u00e4nde\" title=\"015_judith_massage\" src=\"https:\/\/www.lass-dich-massieren.de\/wp-content\/uploads\/2020\/07\/015_judith_massage-200x200.png\" class=\"img-responsive wp-image-32\" srcset=\"https:\/\/www.lass-dich-massieren.de\/wp-content\/uploads\/2020\/07\/015_judith_massage-200x200.png 200w, https:\/\/www.lass-dich-massieren.de\/wp-content\/uploads\/2020\/07\/015_judith_massage-400x400.png 400w, https:\/\/www.lass-dich-massieren.de\/wp-content\/uploads\/2020\/07\/015_judith_massage-600x600.png 600w, https:\/\/www.lass-dich-massieren.de\/wp-content\/uploads\/2020\/07\/015_judith_massage-800x800.png 800w, https:\/\/www.lass-dich-massieren.de\/wp-content\/uploads\/2020\/07\/015_judith_massage-1200x1200.png 1200w, https:\/\/www.lass-dich-massieren.de\/wp-content\/uploads\/2020\/07\/015_judith_massage.png 1500w\" sizes=\"(max-width: 800px) 100vw, 400px\" \/><\/span><\/div><\/div><div class=\"fusion-clearfix\"><\/div><\/div><\/div><\/div><div class=\"fusion-builder-row fusion-builder-row-inner fusion-row\"><div class=\"fusion-layout-column fusion_builder_column_inner fusion-builder-nested-column-2 fusion_builder_column_inner_2_3 2_3 fusion-two-third fusion-column-first\" style=\"--awb-bg-size:cover;width:66.666666666667%;width:calc(66.666666666667% - ( ( 4% ) * 0.66666666666667 ) );margin-right: 4%;\"><div class=\"fusion-column-wrapper fusion-column-has-shadow fusion-flex-column-wrapper-legacy\"><div class=\"fusion-sep-clear\"><\/div><div class=\"fusion-separator fusion-has-icon fusion-full-width-sep\" style=\"margin-left: auto;margin-right: auto;margin-top:15px;margin-bottom:35px;width:100%;\"><div class=\"fusion-separator-border sep-single sep-dotted\" style=\"--awb-height:20px;--awb-amount:20px;--awb-sep-color:#ab192d;border-color:#ab192d;border-top-width:1px;\"><\/div><span class=\"icon-wrapper\" style=\"border-color:transparent;font-size:16px;width: 1.75em; height: 1.75em;border-width:1px;padding:1px;margin-top:-0.5px\"><i class=\"fa-sun fas\" style=\"font-size: inherit;color:#ab192d;\" aria-hidden=\"true\"><\/i><\/span><div class=\"fusion-separator-border sep-single sep-dotted\" style=\"--awb-height:20px;--awb-amount:20px;--awb-sep-color:#ab192d;border-color:#ab192d;border-top-width:1px;\"><\/div><\/div><div class=\"fusion-sep-clear\"><\/div><div class=\"fusion-text fusion-text-2\"><p>\u2026 Kein anderes Sinnesorgan verlangt auch nur ann\u00e4hernd nach so viel Stimulation wie die Haut. \u00dcbertragen auf andere Sinne w\u00e4re es geradezu so, als m\u00fcssten wir regelm\u00e4\u00dfig Musik h\u00f6ren oder bestimmte Farben sehen oder gewisse Aromen riechen, um gesund zu bleiben.<\/p>\n<p>Die biologische Ursache, die sich, so Grunwald, dahinter verbirgt, mutet beinahe philosophisch an: Leben ist eine soziale Angelegenheit. Und die verl\u00e4sslichste M\u00f6glichkeit f\u00fcr ein Wesen festzustellen, dass es nicht allein<br \/>\nauf der Welt ist, liegt im K\u00f6rperkontakt zu anderen.<\/p>\n<p>&#8222;Es gibt kein einziges S\u00e4ugetier, das sich ohne Ber\u00fchrung ad\u00e4quat entwickeln w\u00fcrde. Es \u00fcberlebt den Mangel an Kontakt nicht\u201c, sagt Grunwald. &#8222;Und so sind auch Menschen sehr darauf angewiesen, Teil einer &#8218;K\u00f6rpergemeinschaft&#8216; zu sein, da unsere eigene Existenz sinnlos wird, wenn die K\u00f6rperkommunikation mit anderen Menschen dauerhaft fehlt.&#8220;<\/p>\n<p>Man k\u00f6nnte sogar behaupten: Einander zu ber\u00fchren ist das h\u00f6chste Ziel des Lebens \u00fcberhaupt.<\/p>\n<p><em>Aus GEOkompakt &#8222;Unsere Sinne&#8220; Nr. 36 S. 74 Artikel von Ute Eberle<\/em><\/p>\n<\/div><div class=\"fusion-sep-clear\"><\/div><div class=\"fusion-separator fusion-has-icon fusion-full-width-sep\" style=\"margin-left: auto;margin-right: auto;margin-top:15px;margin-bottom:40px;width:100%;\"><div class=\"fusion-separator-border sep-single sep-dotted\" style=\"--awb-height:20px;--awb-amount:20px;--awb-sep-color:#ab192d;border-color:#ab192d;border-top-width:1px;\"><\/div><span class=\"icon-wrapper\" style=\"border-color:transparent;font-size:16px;width: 1.75em; height: 1.75em;border-width:1px;padding:1px;margin-top:-0.5px\"><i class=\"fa-sun fas\" style=\"font-size: inherit;color:#ab192d;\" aria-hidden=\"true\"><\/i><\/span><div class=\"fusion-separator-border sep-single sep-dotted\" style=\"--awb-height:20px;--awb-amount:20px;--awb-sep-color:#ab192d;border-color:#ab192d;border-top-width:1px;\"><\/div><\/div><div class=\"fusion-sep-clear\"><\/div><div class=\"fusion-clearfix\"><\/div><\/div><\/div><div class=\"fusion-layout-column fusion_builder_column_inner fusion-builder-nested-column-3 fusion_builder_column_inner_1_3 1_3 fusion-one-third fusion-column-last\" style=\"--awb-bg-size:cover;width:33.333333333333%;width:calc(33.333333333333% - ( ( 4% ) * 0.33333333333333 ) );\"><div class=\"fusion-column-wrapper fusion-column-has-shadow fusion-flex-column-wrapper-legacy\"><div class=\"fusion-sep-clear\"><\/div><div class=\"fusion-separator fusion-full-width-sep\" style=\"margin-left: auto;margin-right: auto;margin-top:10px;margin-bottom:30px;width:100%;\"><div class=\"fusion-separator-border sep-single sep-solid\" style=\"--awb-height:20px;--awb-amount:20px;--awb-sep-color:rgba(226,226,226,0);border-color:rgba(226,226,226,0);border-top-width:1px;\"><\/div><\/div><div class=\"fusion-sep-clear\"><\/div><div class=\"fusion-image-element fusion-image-align-center in-legacy-container\" style=\"text-align:center;--awb-caption-title-font-family:var(--h2_typography-font-family);--awb-caption-title-font-weight:var(--h2_typography-font-weight);--awb-caption-title-font-style:var(--h2_typography-font-style);--awb-caption-title-size:var(--h2_typography-font-size);--awb-caption-title-transform:var(--h2_typography-text-transform);--awb-caption-title-line-height:var(--h2_typography-line-height);--awb-caption-title-letter-spacing:var(--h2_typography-letter-spacing);\"><div class=\"imageframe-align-center\"><span class=\" fusion-imageframe imageframe-none imageframe-4 hover-type-none\"><img decoding=\"async\" width=\"1316\" height=\"2560\" alt=\"muscheln achtsamkeit zeit fuer sich kraft schoepfen\" title=\"018_judith_zuehlsdorf_massage\" src=\"https:\/\/www.lass-dich-massieren.de\/wp-content\/uploads\/2020\/07\/018_judith_zuehlsdorf_massage-scaled.jpg\" class=\"img-responsive wp-image-82\" srcset=\"https:\/\/www.lass-dich-massieren.de\/wp-content\/uploads\/2020\/07\/018_judith_zuehlsdorf_massage-200x389.jpg 200w, https:\/\/www.lass-dich-massieren.de\/wp-content\/uploads\/2020\/07\/018_judith_zuehlsdorf_massage-400x778.jpg 400w, https:\/\/www.lass-dich-massieren.de\/wp-content\/uploads\/2020\/07\/018_judith_zuehlsdorf_massage-600x1168.jpg 600w, https:\/\/www.lass-dich-massieren.de\/wp-content\/uploads\/2020\/07\/018_judith_zuehlsdorf_massage-800x1557.jpg 800w, https:\/\/www.lass-dich-massieren.de\/wp-content\/uploads\/2020\/07\/018_judith_zuehlsdorf_massage-1200x2335.jpg 1200w, https:\/\/www.lass-dich-massieren.de\/wp-content\/uploads\/2020\/07\/018_judith_zuehlsdorf_massage-scaled.jpg 1316w\" sizes=\"(max-width: 800px) 100vw, 400px\" \/><\/span><\/div><\/div><div class=\"fusion-clearfix\"><\/div><\/div><\/div><\/div><div class=\"fusion-clearfix\"><\/div><\/div><\/div><div class=\"fusion-layout-column fusion_builder_column fusion-builder-column-2 fusion_builder_column_1_5 1_5 fusion-one-fifth fusion-column-last\" style=\"--awb-bg-size:cover;width:20%;width:calc(20% - ( ( 4% + 4% ) * 0.2 ) );\"><div class=\"fusion-column-wrapper fusion-column-has-shadow fusion-flex-column-wrapper-legacy\"><div class=\"fusion-clearfix\"><\/div><\/div><\/div><\/div><\/div>\n","protected":false},"excerpt":{"rendered":"","protected":false},"author":1,"featured_media":0,"parent":0,"menu_order":0,"comment_status":"closed","ping_status":"closed","template":"100-width.php","meta":{"footnotes":""},"class_list":["post-16","page","type-page","status-publish","hentry"],"yoast_head":"<!-- This site is optimized with the Yoast SEO plugin v26.8 - https:\/\/yoast.com\/product\/yoast-seo-wordpress\/ -->\n<title>Home | lass-dich-massieren.de<\/title>\n<meta name=\"robots\" content=\"index, follow, max-snippet:-1, max-image-preview:large, max-video-preview:-1\" \/>\n<link rel=\"canonical\" href=\"https:\/\/www.lass-dich-massieren.de\/\" \/>\n<meta property=\"og:locale\" content=\"de_DE\" \/>\n<meta property=\"og:type\" content=\"article\" \/>\n<meta property=\"og:title\" content=\"Home | lass-dich-massieren.de\" \/>\n<meta property=\"og:url\" content=\"https:\/\/www.lass-dich-massieren.de\/\" \/>\n<meta property=\"og:site_name\" content=\"lass-dich-massieren.de\" \/>\n<meta property=\"article:modified_time\" content=\"2025-04-25T17:19:57+00:00\" \/>\n<meta name=\"twitter:card\" content=\"summary_large_image\" \/>\n<meta name=\"twitter:label1\" content=\"Gesch\u00e4tzte Lesezeit\" \/>\n\t<meta name=\"twitter:data1\" content=\"7\u00a0Minuten\" \/>\n<script type=\"application\/ld+json\" class=\"yoast-schema-graph\">{\"@context\":\"https:\/\/schema.org\",\"@graph\":[{\"@type\":\"WebPage\",\"@id\":\"https:\/\/www.lass-dich-massieren.de\/\",\"url\":\"https:\/\/www.lass-dich-massieren.de\/\",\"name\":\"Home | lass-dich-massieren.de\",\"isPartOf\":{\"@id\":\"\/#website\"},\"datePublished\":\"2020-06-15T10:26:09+00:00\",\"dateModified\":\"2025-04-25T17:19:57+00:00\",\"breadcrumb\":{\"@id\":\"https:\/\/www.lass-dich-massieren.de\/#breadcrumb\"},\"inLanguage\":\"de\",\"potentialAction\":[{\"@type\":\"ReadAction\",\"target\":[\"https:\/\/www.lass-dich-massieren.de\/\"]}]},{\"@type\":\"BreadcrumbList\",\"@id\":\"https:\/\/www.lass-dich-massieren.de\/#breadcrumb\",\"itemListElement\":[{\"@type\":\"ListItem\",\"position\":1,\"name\":\"Startseite\",\"item\":\"https:\/\/www.lass-dich-massieren.de\/\"},{\"@type\":\"ListItem\",\"position\":2,\"name\":\"Home\"}]},{\"@type\":\"WebSite\",\"@id\":\"\/#website\",\"url\":\"\/\",\"name\":\"lass-dich-massieren.de\",\"description\":\"TouchLife Massage Waiblingen Hegnach\",\"publisher\":{\"@id\":\"\/#\/schema\/person\/c1a815c0486882041b1f9eba19ca2c96\"},\"potentialAction\":[{\"@type\":\"SearchAction\",\"target\":{\"@type\":\"EntryPoint\",\"urlTemplate\":\"\/?s={search_term_string}\"},\"query-input\":{\"@type\":\"PropertyValueSpecification\",\"valueRequired\":true,\"valueName\":\"search_term_string\"}}],\"inLanguage\":\"de\"},{\"@type\":[\"Person\",\"Organization\"],\"@id\":\"\/#\/schema\/person\/c1a815c0486882041b1f9eba19ca2c96\",\"name\":\"Judith Z\u00fchlsdorf\",\"image\":{\"@type\":\"ImageObject\",\"inLanguage\":\"de\",\"@id\":\"\/#\/schema\/person\/image\/\",\"url\":\"https:\/\/secure.gravatar.com\/avatar\/32182397bdc9087a6e87981fed252a2a?s=96&d=mm&r=g\",\"contentUrl\":\"https:\/\/secure.gravatar.com\/avatar\/32182397bdc9087a6e87981fed252a2a?s=96&d=mm&r=g\",\"caption\":\"Judith Z\u00fchlsdorf\"},\"logo\":{\"@id\":\"\/#\/schema\/person\/image\/\"},\"sameAs\":[\"http:\/\/www.lass-dich-massieren.de\"]}]}<\/script>\n<!-- \/ Yoast SEO plugin. -->","yoast_head_json":{"title":"Home | lass-dich-massieren.de","robots":{"index":"index","follow":"follow","max-snippet":"max-snippet:-1","max-image-preview":"max-image-preview:large","max-video-preview":"max-video-preview:-1"},"canonical":"https:\/\/www.lass-dich-massieren.de\/","og_locale":"de_DE","og_type":"article","og_title":"Home | lass-dich-massieren.de","og_url":"https:\/\/www.lass-dich-massieren.de\/","og_site_name":"lass-dich-massieren.de","article_modified_time":"2025-04-25T17:19:57+00:00","twitter_card":"summary_large_image","twitter_misc":{"Gesch\u00e4tzte Lesezeit":"7\u00a0Minuten"},"schema":{"@context":"https:\/\/schema.org","@graph":[{"@type":"WebPage","@id":"https:\/\/www.lass-dich-massieren.de\/","url":"https:\/\/www.lass-dich-massieren.de\/","name":"Home | lass-dich-massieren.de","isPartOf":{"@id":"\/#website"},"datePublished":"2020-06-15T10:26:09+00:00","dateModified":"2025-04-25T17:19:57+00:00","breadcrumb":{"@id":"https:\/\/www.lass-dich-massieren.de\/#breadcrumb"},"inLanguage":"de","potentialAction":[{"@type":"ReadAction","target":["https:\/\/www.lass-dich-massieren.de\/"]}]},{"@type":"BreadcrumbList","@id":"https:\/\/www.lass-dich-massieren.de\/#breadcrumb","itemListElement":[{"@type":"ListItem","position":1,"name":"Startseite","item":"https:\/\/www.lass-dich-massieren.de\/"},{"@type":"ListItem","position":2,"name":"Home"}]},{"@type":"WebSite","@id":"\/#website","url":"\/","name":"lass-dich-massieren.de","description":"TouchLife Massage Waiblingen Hegnach","publisher":{"@id":"\/#\/schema\/person\/c1a815c0486882041b1f9eba19ca2c96"},"potentialAction":[{"@type":"SearchAction","target":{"@type":"EntryPoint","urlTemplate":"\/?s={search_term_string}"},"query-input":{"@type":"PropertyValueSpecification","valueRequired":true,"valueName":"search_term_string"}}],"inLanguage":"de"},{"@type":["Person","Organization"],"@id":"\/#\/schema\/person\/c1a815c0486882041b1f9eba19ca2c96","name":"Judith Z\u00fchlsdorf","image":{"@type":"ImageObject","inLanguage":"de","@id":"\/#\/schema\/person\/image\/","url":"https:\/\/secure.gravatar.com\/avatar\/32182397bdc9087a6e87981fed252a2a?s=96&d=mm&r=g","contentUrl":"https:\/\/secure.gravatar.com\/avatar\/32182397bdc9087a6e87981fed252a2a?s=96&d=mm&r=g","caption":"Judith Z\u00fchlsdorf"},"logo":{"@id":"\/#\/schema\/person\/image\/"},"sameAs":["http:\/\/www.lass-dich-massieren.de"]}]}},"_links":{"self":[{"href":"https:\/\/www.lass-dich-massieren.de\/index.php?rest_route=\/wp\/v2\/pages\/16","targetHints":{"allow":["GET"]}}],"collection":[{"href":"https:\/\/www.lass-dich-massieren.de\/index.php?rest_route=\/wp\/v2\/pages"}],"about":[{"href":"https:\/\/www.lass-dich-massieren.de\/index.php?rest_route=\/wp\/v2\/types\/page"}],"author":[{"embeddable":true,"href":"https:\/\/www.lass-dich-massieren.de\/index.php?rest_route=\/wp\/v2\/users\/1"}],"replies":[{"embeddable":true,"href":"https:\/\/www.lass-dich-massieren.de\/index.php?rest_route=%2Fwp%2Fv2%2Fcomments&post=16"}],"version-history":[{"count":99,"href":"https:\/\/www.lass-dich-massieren.de\/index.php?rest_route=\/wp\/v2\/pages\/16\/revisions"}],"predecessor-version":[{"id":278,"href":"https:\/\/www.lass-dich-massieren.de\/index.php?rest_route=\/wp\/v2\/pages\/16\/revisions\/278"}],"wp:attachment":[{"href":"https:\/\/www.lass-dich-massieren.de\/index.php?rest_route=%2Fwp%2Fv2%2Fmedia&parent=16"}],"curies":[{"name":"wp","href":"https:\/\/api.w.org\/{rel}","templated":true}]}}