{"id":121,"date":"2020-08-11T10:11:20","date_gmt":"2020-08-11T10:11:20","guid":{"rendered":"http:\/\/wp.lass-dich-massieren.de\/?page_id=121"},"modified":"2020-08-28T12:47:22","modified_gmt":"2020-08-28T12:47:22","slug":"touch-life","status":"publish","type":"page","link":"https:\/\/www.lass-dich-massieren.de\/?page_id=121","title":{"rendered":"Touch Life\u00ae"},"content":{"rendered":"<div class=\"fusion-fullwidth fullwidth-box fusion-builder-row-1 hundred-percent-fullwidth non-hundred-percent-height-scrolling\" style=\"--awb-border-radius-top-left:0px;--awb-border-radius-top-right:0px;--awb-border-radius-bottom-right:0px;--awb-border-radius-bottom-left:0px;--awb-flex-wrap:wrap;\" ><div class=\"fusion-builder-row fusion-row\"><div class=\"fusion-layout-column fusion_builder_column fusion-builder-column-0 fusion_builder_column_1_5 1_5 fusion-one-fifth fusion-column-first\" style=\"--awb-bg-size:cover;width:20%;width:calc(20% - ( ( 4% + 4% ) * 0.2 ) );margin-right: 4%;\"><div class=\"fusion-column-wrapper fusion-column-has-shadow fusion-flex-column-wrapper-legacy\"><div class=\"fusion-clearfix\"><\/div><\/div><\/div><div class=\"fusion-layout-column fusion_builder_column fusion-builder-column-1 fusion_builder_column_3_5 3_5 fusion-three-fifth\" style=\"--awb-bg-size:cover;width:60%;width:calc(60% - ( ( 4% + 4% ) * 0.6 ) );margin-right: 4%;\"><div class=\"fusion-column-wrapper fusion-column-has-shadow fusion-flex-column-wrapper-legacy\"><div class=\"fusion-builder-row fusion-builder-row-inner fusion-row\"><div class=\"fusion-layout-column fusion_builder_column_inner fusion-builder-nested-column-0 fusion_builder_column_inner_2_3 2_3 fusion-two-third fusion-column-first\" style=\"--awb-bg-size:cover;width:66.666666666667%;width:calc(66.666666666667% - ( ( 5% ) * 0.66666666666667 ) );margin-right: 5%;\"><div class=\"fusion-column-wrapper fusion-column-has-shadow fusion-flex-column-wrapper-legacy\"><div class=\"fusion-title title fusion-title-1 fusion-sep-none fusion-title-text fusion-title-size-two\" style=\"--awb-margin-top:0px;--awb-margin-bottom:25px;\"><h2 class=\"fusion-title-heading title-heading-left\" style=\"margin:0;\">Was ist TouchLife\u00ae ?<\/h2><\/div><div class=\"fusion-text fusion-text-1\"><p>Die TouchLife\u00ae Massage nach Leder und von Kalckreuth ist eine \u2028ganzheitliche Massagemethode, die vor \u00fcber 25 Jahren entwickelt \u2028wurde und auf den Pfeilern Massagetechniken, Gespr\u00e4ch, \u2028Energieausgleich, Atem und Achtsamkeit beruht.<\/p>\n<\/div><div class=\"fusion-title title fusion-title-2 fusion-sep-none fusion-title-text fusion-title-size-three\" style=\"--awb-margin-top:0px;--awb-margin-bottom:10px;--awb-margin-top-small:0px;\"><h3 class=\"fusion-title-heading title-heading-left\" style=\"margin:0;\">Das Besondere ist die Einzigartigkeit jeder Massage.<\/h3><\/div><div class=\"fusion-text fusion-text-2\"><p style=\"text-align: left;\">Die Massage dauert \u00fcblicherweise 90 Minuten, inkl. Vor- und Nachgespr\u00e4ch.<\/p>\n<\/div><div class=\"fusion-sep-clear\"><\/div><div class=\"fusion-separator fusion-has-icon fusion-full-width-sep\" style=\"margin-left: auto;margin-right: auto;margin-top:10px;margin-bottom:10px;width:100%;\"><div class=\"fusion-separator-border sep-single sep-dotted\" style=\"--awb-height:20px;--awb-amount:20px;--awb-sep-color:#ab192d;border-color:#ab192d;border-top-width:1px;\"><\/div><span class=\"icon-wrapper\" style=\"border-color:transparent;font-size:16px;width: 1.75em; height: 1.75em;border-width:1px;padding:1px;margin-top:-0.5px\"><i class=\"fa-sun fas\" style=\"font-size: inherit;color:#ab192d;\" aria-hidden=\"true\"><\/i><\/span><div class=\"fusion-separator-border sep-single sep-dotted\" style=\"--awb-height:20px;--awb-amount:20px;--awb-sep-color:#ab192d;border-color:#ab192d;border-top-width:1px;\"><\/div><\/div><div class=\"fusion-sep-clear\"><\/div><div class=\"fusion-title title fusion-title-3 fusion-sep-none fusion-title-text fusion-title-size-three\" style=\"--awb-margin-top:25px;--awb-margin-bottom:25px;--awb-margin-top-small:40px;--awb-margin-bottom-small:25px;\"><h3 class=\"fusion-title-heading title-heading-left\" style=\"margin:0;\">Die TouchLife\u00ae Massage wirkt auf vielf\u00e4ltige Weise:<\/h3><\/div><div class=\"fusion-title title fusion-title-4 fusion-sep-none fusion-title-text fusion-title-size-three\" style=\"--awb-margin-top:0px;--awb-margin-bottom:10px;--awb-margin-top-small:0px;\"><h3 class=\"fusion-title-heading title-heading-left\" style=\"margin:0;\">Mechanisch:<\/h3><\/div><div class=\"fusion-text fusion-text-3\"><p style=\"text-align: left;\">Anregung der Durchblutung und des Lymphflusses \u2192 bessere Versorgung der Zellen<\/p>\n<\/div><div class=\"fusion-title title fusion-title-5 fusion-sep-none fusion-title-text fusion-title-size-three\" style=\"--awb-margin-top:0px;--awb-margin-bottom:10px;--awb-margin-top-small:0px;\"><h3 class=\"fusion-title-heading title-heading-left\" style=\"margin:0;\">Neuronal:<\/h3><\/div><div class=\"fusion-text fusion-text-4\"><p style=\"text-align: left;\">Rezeptoren in der Haut werden stimuliert und die Ber\u00fchrung als Sinneswahrnehmung bewusst \u2192 Unterst\u00fctzung der K\u00f6rperwahrnehmung in Verbindung mit emotionalen Erfahrungen<\/p>\n<\/div><div class=\"fusion-title title fusion-title-6 fusion-sep-none fusion-title-text fusion-title-size-three\" style=\"--awb-margin-top:0px;--awb-margin-bottom:10px;--awb-margin-top-small:0px;\"><h3 class=\"fusion-title-heading title-heading-left\" style=\"margin:0;\">Biochemisch:<\/h3><\/div><div class=\"fusion-text fusion-text-5\"><p style=\"text-align: left;\">Abbau (Adrenalin, Kortisol) und Bildung (Oxytocin, Dopamin) von Hormonen \u2192 Angst- und Stressabbau, Empfindung von Freude, Liebe und N\u00e4he<\/p>\n<\/div><div class=\"fusion-title title fusion-title-7 fusion-sep-none fusion-title-text fusion-title-size-three\" style=\"--awb-margin-top:0px;--awb-margin-bottom:10px;--awb-margin-top-small:0px;\"><h3 class=\"fusion-title-heading title-heading-left\" style=\"margin:0;\">Psychisch:<\/h3><\/div><div class=\"fusion-text fusion-text-6\"><p style=\"text-align: left;\">K\u00f6rperzentriertes Gespr\u00e4ch und achtsame Ber\u00fchrung in gesch\u00fctztem\u00a0 Rahmen \u2192 Unterst\u00fctzung von Vertrauen, positive Lernerfahrungen l\u00f6sen stressgebundene Erfahrungen ab<\/p>\n<\/div><div class=\"fusion-title title fusion-title-8 fusion-sep-none fusion-title-text fusion-title-size-three\" style=\"--awb-margin-top:0px;--awb-margin-bottom:10px;--awb-margin-top-small:0px;\"><h3 class=\"fusion-title-heading title-heading-left\" style=\"margin:0;\">Mental:<\/h3><\/div><div class=\"fusion-text fusion-text-7\"><p style=\"text-align: left;\">Fokussierung auf das Hier und Jetzt durch Achtsamkeit<br \/>\n\u2192 Beobachten der inneren Wahrnehmung ohne Bewertung, wohlwollender und freundlicher Umgang mit sich und anderen<\/p>\n<\/div><div class=\"fusion-clearfix\"><\/div><\/div><\/div><div class=\"fusion-layout-column fusion_builder_column_inner fusion-builder-nested-column-1 fusion_builder_column_inner_1_3 1_3 fusion-one-third fusion-column-last\" style=\"--awb-bg-size:cover;width:33.333333333333%;width:calc(33.333333333333% - ( ( 5% ) * 0.33333333333333 ) );\"><div class=\"fusion-column-wrapper fusion-column-has-shadow fusion-flex-column-wrapper-legacy\"><div class=\"fusion-image-element fusion-image-align-center in-legacy-container\" style=\"text-align:center;--awb-caption-title-font-family:var(--h2_typography-font-family);--awb-caption-title-font-weight:var(--h2_typography-font-weight);--awb-caption-title-font-style:var(--h2_typography-font-style);--awb-caption-title-size:var(--h2_typography-font-size);--awb-caption-title-transform:var(--h2_typography-text-transform);--awb-caption-title-line-height:var(--h2_typography-line-height);--awb-caption-title-letter-spacing:var(--h2_typography-letter-spacing);\"><div class=\"imageframe-align-center\"><span class=\" fusion-imageframe imageframe-none imageframe-1 hover-type-none\"><img decoding=\"async\" width=\"1316\" height=\"2560\" alt=\"muscheln achtsamkeit zeit fuer sich kraft schoepfen\" title=\"018_judith_zuehlsdorf_massage\" src=\"https:\/\/www.lass-dich-massieren.de\/wp-content\/uploads\/2020\/07\/018_judith_zuehlsdorf_massage-scaled.jpg\" class=\"img-responsive wp-image-82\" srcset=\"https:\/\/www.lass-dich-massieren.de\/wp-content\/uploads\/2020\/07\/018_judith_zuehlsdorf_massage-200x389.jpg 200w, https:\/\/www.lass-dich-massieren.de\/wp-content\/uploads\/2020\/07\/018_judith_zuehlsdorf_massage-400x778.jpg 400w, https:\/\/www.lass-dich-massieren.de\/wp-content\/uploads\/2020\/07\/018_judith_zuehlsdorf_massage-600x1168.jpg 600w, https:\/\/www.lass-dich-massieren.de\/wp-content\/uploads\/2020\/07\/018_judith_zuehlsdorf_massage-800x1557.jpg 800w, https:\/\/www.lass-dich-massieren.de\/wp-content\/uploads\/2020\/07\/018_judith_zuehlsdorf_massage-1200x2335.jpg 1200w, https:\/\/www.lass-dich-massieren.de\/wp-content\/uploads\/2020\/07\/018_judith_zuehlsdorf_massage-scaled.jpg 1316w\" sizes=\"(max-width: 800px) 100vw, 400px\" \/><\/span><\/div><\/div><div class=\"fusion-clearfix\"><\/div><\/div><\/div><\/div><div class=\"fusion-text fusion-text-8\"><p>vgl. PDF: <a href=\"https:\/\/www.lass-dich-massieren.de\/wp-content\/uploads\/2020\/08\/wirkungsebenen-der-touchlife-methode-magazin-naturheilkunde-2016-11.pdf\" target=\"_blank\" rel=\"noopener noreferrer\">Achtsames Ber\u00fchren bringt Bewusstheit f\u00fcr K\u00f6rper, Geist und Seele<\/a><\/p>\n<\/div><div class=\"fusion-clearfix\"><\/div><\/div><\/div><div class=\"fusion-layout-column fusion_builder_column fusion-builder-column-2 fusion_builder_column_1_5 1_5 fusion-one-fifth fusion-column-last\" style=\"--awb-bg-size:cover;width:20%;width:calc(20% - ( ( 4% + 4% ) * 0.2 ) );\"><div class=\"fusion-column-wrapper fusion-column-has-shadow fusion-flex-column-wrapper-legacy\"><div class=\"fusion-clearfix\"><\/div><\/div><\/div><\/div><\/div>\n","protected":false},"excerpt":{"rendered":"","protected":false},"author":1,"featured_media":0,"parent":0,"menu_order":0,"comment_status":"closed","ping_status":"closed","template":"100-width.php","meta":{"footnotes":""},"class_list":["post-121","page","type-page","status-publish","hentry"],"yoast_head":"<!-- This site is optimized with the Yoast SEO plugin v26.8 - https:\/\/yoast.com\/product\/yoast-seo-wordpress\/ -->\n<title>Touch Life\u00ae | lass-dich-massieren.de<\/title>\n<meta name=\"robots\" content=\"index, follow, max-snippet:-1, max-image-preview:large, max-video-preview:-1\" \/>\n<link rel=\"canonical\" href=\"https:\/\/www.lass-dich-massieren.de\/?page_id=121\" \/>\n<meta property=\"og:locale\" content=\"de_DE\" \/>\n<meta property=\"og:type\" content=\"article\" \/>\n<meta property=\"og:title\" content=\"Touch Life\u00ae | lass-dich-massieren.de\" \/>\n<meta property=\"og:url\" content=\"https:\/\/www.lass-dich-massieren.de\/?page_id=121\" \/>\n<meta property=\"og:site_name\" content=\"lass-dich-massieren.de\" \/>\n<meta property=\"article:modified_time\" content=\"2020-08-28T12:47:22+00:00\" \/>\n<meta name=\"twitter:card\" content=\"summary_large_image\" \/>\n<meta name=\"twitter:label1\" content=\"Gesch\u00e4tzte Lesezeit\" \/>\n\t<meta name=\"twitter:data1\" content=\"12\u00a0Minuten\" \/>\n<script type=\"application\/ld+json\" class=\"yoast-schema-graph\">{\"@context\":\"https:\/\/schema.org\",\"@graph\":[{\"@type\":\"WebPage\",\"@id\":\"https:\/\/www.lass-dich-massieren.de\/?page_id=121\",\"url\":\"https:\/\/www.lass-dich-massieren.de\/?page_id=121\",\"name\":\"Touch Life\u00ae | lass-dich-massieren.de\",\"isPartOf\":{\"@id\":\"\/#website\"},\"datePublished\":\"2020-08-11T10:11:20+00:00\",\"dateModified\":\"2020-08-28T12:47:22+00:00\",\"breadcrumb\":{\"@id\":\"https:\/\/www.lass-dich-massieren.de\/?page_id=121#breadcrumb\"},\"inLanguage\":\"de\",\"potentialAction\":[{\"@type\":\"ReadAction\",\"target\":[\"https:\/\/www.lass-dich-massieren.de\/?page_id=121\"]}]},{\"@type\":\"BreadcrumbList\",\"@id\":\"https:\/\/www.lass-dich-massieren.de\/?page_id=121#breadcrumb\",\"itemListElement\":[{\"@type\":\"ListItem\",\"position\":1,\"name\":\"Startseite\",\"item\":\"https:\/\/www.lass-dich-massieren.de\/\"},{\"@type\":\"ListItem\",\"position\":2,\"name\":\"Touch Life\u00ae\"}]},{\"@type\":\"WebSite\",\"@id\":\"\/#website\",\"url\":\"\/\",\"name\":\"lass-dich-massieren.de\",\"description\":\"TouchLife Massage Waiblingen Hegnach\",\"publisher\":{\"@id\":\"\/#\/schema\/person\/c1a815c0486882041b1f9eba19ca2c96\"},\"potentialAction\":[{\"@type\":\"SearchAction\",\"target\":{\"@type\":\"EntryPoint\",\"urlTemplate\":\"\/?s={search_term_string}\"},\"query-input\":{\"@type\":\"PropertyValueSpecification\",\"valueRequired\":true,\"valueName\":\"search_term_string\"}}],\"inLanguage\":\"de\"},{\"@type\":[\"Person\",\"Organization\"],\"@id\":\"\/#\/schema\/person\/c1a815c0486882041b1f9eba19ca2c96\",\"name\":\"Judith Z\u00fchlsdorf\",\"image\":{\"@type\":\"ImageObject\",\"inLanguage\":\"de\",\"@id\":\"\/#\/schema\/person\/image\/\",\"url\":\"https:\/\/secure.gravatar.com\/avatar\/32182397bdc9087a6e87981fed252a2a?s=96&d=mm&r=g\",\"contentUrl\":\"https:\/\/secure.gravatar.com\/avatar\/32182397bdc9087a6e87981fed252a2a?s=96&d=mm&r=g\",\"caption\":\"Judith Z\u00fchlsdorf\"},\"logo\":{\"@id\":\"\/#\/schema\/person\/image\/\"},\"sameAs\":[\"http:\/\/www.lass-dich-massieren.de\"]}]}<\/script>\n<!-- \/ Yoast SEO plugin. -->","yoast_head_json":{"title":"Touch Life\u00ae | lass-dich-massieren.de","robots":{"index":"index","follow":"follow","max-snippet":"max-snippet:-1","max-image-preview":"max-image-preview:large","max-video-preview":"max-video-preview:-1"},"canonical":"https:\/\/www.lass-dich-massieren.de\/?page_id=121","og_locale":"de_DE","og_type":"article","og_title":"Touch Life\u00ae | lass-dich-massieren.de","og_url":"https:\/\/www.lass-dich-massieren.de\/?page_id=121","og_site_name":"lass-dich-massieren.de","article_modified_time":"2020-08-28T12:47:22+00:00","twitter_card":"summary_large_image","twitter_misc":{"Gesch\u00e4tzte Lesezeit":"12\u00a0Minuten"},"schema":{"@context":"https:\/\/schema.org","@graph":[{"@type":"WebPage","@id":"https:\/\/www.lass-dich-massieren.de\/?page_id=121","url":"https:\/\/www.lass-dich-massieren.de\/?page_id=121","name":"Touch Life\u00ae | lass-dich-massieren.de","isPartOf":{"@id":"\/#website"},"datePublished":"2020-08-11T10:11:20+00:00","dateModified":"2020-08-28T12:47:22+00:00","breadcrumb":{"@id":"https:\/\/www.lass-dich-massieren.de\/?page_id=121#breadcrumb"},"inLanguage":"de","potentialAction":[{"@type":"ReadAction","target":["https:\/\/www.lass-dich-massieren.de\/?page_id=121"]}]},{"@type":"BreadcrumbList","@id":"https:\/\/www.lass-dich-massieren.de\/?page_id=121#breadcrumb","itemListElement":[{"@type":"ListItem","position":1,"name":"Startseite","item":"https:\/\/www.lass-dich-massieren.de\/"},{"@type":"ListItem","position":2,"name":"Touch Life\u00ae"}]},{"@type":"WebSite","@id":"\/#website","url":"\/","name":"lass-dich-massieren.de","description":"TouchLife Massage Waiblingen Hegnach","publisher":{"@id":"\/#\/schema\/person\/c1a815c0486882041b1f9eba19ca2c96"},"potentialAction":[{"@type":"SearchAction","target":{"@type":"EntryPoint","urlTemplate":"\/?s={search_term_string}"},"query-input":{"@type":"PropertyValueSpecification","valueRequired":true,"valueName":"search_term_string"}}],"inLanguage":"de"},{"@type":["Person","Organization"],"@id":"\/#\/schema\/person\/c1a815c0486882041b1f9eba19ca2c96","name":"Judith Z\u00fchlsdorf","image":{"@type":"ImageObject","inLanguage":"de","@id":"\/#\/schema\/person\/image\/","url":"https:\/\/secure.gravatar.com\/avatar\/32182397bdc9087a6e87981fed252a2a?s=96&d=mm&r=g","contentUrl":"https:\/\/secure.gravatar.com\/avatar\/32182397bdc9087a6e87981fed252a2a?s=96&d=mm&r=g","caption":"Judith Z\u00fchlsdorf"},"logo":{"@id":"\/#\/schema\/person\/image\/"},"sameAs":["http:\/\/www.lass-dich-massieren.de"]}]}},"_links":{"self":[{"href":"https:\/\/www.lass-dich-massieren.de\/index.php?rest_route=\/wp\/v2\/pages\/121","targetHints":{"allow":["GET"]}}],"collection":[{"href":"https:\/\/www.lass-dich-massieren.de\/index.php?rest_route=\/wp\/v2\/pages"}],"about":[{"href":"https:\/\/www.lass-dich-massieren.de\/index.php?rest_route=\/wp\/v2\/types\/page"}],"author":[{"embeddable":true,"href":"https:\/\/www.lass-dich-massieren.de\/index.php?rest_route=\/wp\/v2\/users\/1"}],"replies":[{"embeddable":true,"href":"https:\/\/www.lass-dich-massieren.de\/index.php?rest_route=%2Fwp%2Fv2%2Fcomments&post=121"}],"version-history":[{"count":26,"href":"https:\/\/www.lass-dich-massieren.de\/index.php?rest_route=\/wp\/v2\/pages\/121\/revisions"}],"predecessor-version":[{"id":232,"href":"https:\/\/www.lass-dich-massieren.de\/index.php?rest_route=\/wp\/v2\/pages\/121\/revisions\/232"}],"wp:attachment":[{"href":"https:\/\/www.lass-dich-massieren.de\/index.php?rest_route=%2Fwp%2Fv2%2Fmedia&parent=121"}],"curies":[{"name":"wp","href":"https:\/\/api.w.org\/{rel}","templated":true}]}}