{"id":110,"date":"2020-08-11T09:31:45","date_gmt":"2020-08-11T09:31:45","guid":{"rendered":"http:\/\/wp.lass-dich-massieren.de\/?page_id=110"},"modified":"2025-11-09T12:47:03","modified_gmt":"2025-11-09T12:47:03","slug":"ueber-mich","status":"publish","type":"page","link":"https:\/\/www.lass-dich-massieren.de\/?page_id=110","title":{"rendered":"\u00dcber mich"},"content":{"rendered":"<div class=\"fusion-fullwidth fullwidth-box fusion-builder-row-1 hundred-percent-fullwidth non-hundred-percent-height-scrolling\" style=\"--awb-border-radius-top-left:0px;--awb-border-radius-top-right:0px;--awb-border-radius-bottom-right:0px;--awb-border-radius-bottom-left:0px;--awb-flex-wrap:wrap;\" ><div class=\"fusion-builder-row fusion-row\"><div class=\"fusion-layout-column fusion_builder_column fusion-builder-column-0 fusion_builder_column_1_5 1_5 fusion-one-fifth fusion-column-first\" style=\"--awb-bg-size:cover;width:20%;width:calc(20% - ( ( 4% + 4% ) * 0.2 ) );margin-right: 4%;\"><div class=\"fusion-column-wrapper fusion-column-has-shadow fusion-flex-column-wrapper-legacy\"><div class=\"fusion-clearfix\"><\/div><\/div><\/div><div class=\"fusion-layout-column fusion_builder_column fusion-builder-column-1 fusion_builder_column_3_5 3_5 fusion-three-fifth\" style=\"--awb-bg-size:cover;width:60%;width:calc(60% - ( ( 4% + 4% ) * 0.6 ) );margin-right: 4%;\"><div class=\"fusion-column-wrapper fusion-column-has-shadow fusion-flex-column-wrapper-legacy\"><div class=\"fusion-builder-row fusion-builder-row-inner fusion-row\"><div class=\"fusion-layout-column fusion_builder_column_inner fusion-builder-nested-column-0 fusion_builder_column_inner_2_3 2_3 fusion-two-third fusion-column-first\" style=\"--awb-bg-size:cover;width:66.666666666667%;width:calc(66.666666666667% - ( ( 5% ) * 0.66666666666667 ) );margin-right: 5%;\"><div class=\"fusion-column-wrapper fusion-column-has-shadow fusion-flex-column-wrapper-legacy\"><div class=\"fusion-title title fusion-title-1 fusion-sep-none fusion-title-text fusion-title-size-one\" style=\"--awb-margin-top:0px;--awb-margin-bottom:25px;\"><h1 class=\"fusion-title-heading title-heading-left\" style=\"margin:0;\">\u00dcber mich &#8211; Mein Weg zur Massage<\/h1><\/div><div class=\"fusion-text fusion-text-1\"><p>Schon als Jugendliche habe ich gerne massiert und die Erfahrung gemacht, dass meine H\u00e4nde anderen Menschen gut tun. 2008 erfuhr ich von der TouchLife\u00ae Methode und war sofort fasziniert. Ich habe mich ziemlich schnell f\u00fcr die Grundausbildung angemeldet. Heute w\u00fcrde ich sagen, ich bin meinem Herzen gefolgt.<\/p>\n<p>Kurz vor Beginn der Ausbildung wurde ich schwanger, was aber kein \u2028Hindernis, sondern eine Bereicherung war. W\u00e4hrend der Grundausbildung \u2028kam meine Tochter zur Welt, die schon im Bauch alle 4 Wochen indirekt mit massiert wurde. Sie war ein sehr ausgeglichenes und entspanntes Baby. \u2028Meine Massageerfahrungen w\u00e4hrend der Schwangerschaft kann ich jetzt \u2028an andere Schwangere weiter geben. Das ist eine sehr erf\u00fcllende Arbeit.<\/p>\n<p>Nach der Grundausbildung habe ich an mehreren Fortbildungen teilgenommen. W\u00e4hrend des Jahrestrainings Meridian- und Organmassage kam mein Sohn zur Welt, der ebenfalls das Gl\u00fcck hatte im Bauch massiert \u2028zu werden.<\/p>\n<p>Ich bin Mitglied im internationalen TouchLife\u00ae Massagenetzwerk.<\/p>\n<\/div><div class=\"fusion-sep-clear\"><\/div><div class=\"fusion-separator fusion-has-icon fusion-full-width-sep\" style=\"margin-left: auto;margin-right: auto;margin-top:15px;margin-bottom:35px;width:100%;\"><div class=\"fusion-separator-border sep-single sep-dotted\" style=\"--awb-height:20px;--awb-amount:20px;--awb-sep-color:#ab192d;border-color:#ab192d;border-top-width:1px;\"><\/div><span class=\"icon-wrapper\" style=\"border-color:transparent;font-size:16px;width: 1.75em; height: 1.75em;border-width:1px;padding:1px;margin-top:-0.5px\"><i class=\"fa-sun fas\" style=\"font-size: inherit;color:#ab192d;\" aria-hidden=\"true\"><\/i><\/span><div class=\"fusion-separator-border sep-single sep-dotted\" style=\"--awb-height:20px;--awb-amount:20px;--awb-sep-color:#ab192d;border-color:#ab192d;border-top-width:1px;\"><\/div><\/div><div class=\"fusion-sep-clear\"><\/div><div class=\"fusion-title title fusion-title-2 fusion-sep-none fusion-title-text fusion-title-size-one\" style=\"--awb-margin-top:0px;--awb-margin-bottom:25px;\"><h1 class=\"fusion-title-heading title-heading-left\" style=\"margin:0;\">Vita<\/h1><\/div><div class=\"fusion-text fusion-text-2\"><p>Judith Z\u00fchlsdorf<br \/>\nGeboren 1977<br \/>\nverheiratet, 2 Kinder<\/p>\n<\/div>\n<div class=\"table-1\">\n<table width=\"100%\">\n<tbody>\n<tr>\n<td align=\"left\">2025<\/td>\n<td align=\"left\">\n<ul>\n<li>Neurobiologische Regulation nach Henkel (NBR)\u00ae:<br \/>\nWirbels\u00e4ule, Liquor, Dura mater, Pr\u00e4frontalkortex, R\u00fcckenmark, Balken (Corpus Callosum) und Muskeltest<br \/>\n(Institut Henkel, M\u00fchltal)<\/li>\n<\/ul>\n<\/td>\n<\/tr>\n<tr>\n<\/tr>\n<tr>\n<td align=\"left\">2023 bis 2025<\/td>\n<td align=\"left\">\n<ul>\n<li>Kompetenztraining f\u00fcr erfolgreiche Entwicklung (Institut Henkel, M\u00fchltal)<\/li>\n<\/ul>\n<\/td>\n<\/tr>\n<tr>\n<td align=\"left\">2022<\/td>\n<td align=\"left\">\n<ul>\n<li>Neurobiologische Regulation nach Henkel (NBR)\u00ae:<br \/>\nViszerale Massage Milz-Pankreas, Magen und Insula<br \/>\n(Institut Henkel, M\u00fchltal)<\/li>\n<\/ul>\n<\/td>\n<\/tr>\n<tr>\n<td align=\"left\">2020<\/td>\n<td align=\"left\">\n<ul>\n<li>Neurobiologische Regulation nach Henkel (NBR)\u00ae:<br \/>\nMassage des enterischen Nervensystems (Institut Henkel, M\u00fchltal)<\/li>\n<\/ul>\n<\/td>\n<\/tr>\n<tr>\n<td align=\"left\">2019<\/td>\n<td align=\"left\">\n<ul>\n<li>Segmentmassage ISG &amp; Schulter (Institut Henkel, M\u00fchltal)<\/li>\n<li>St\u00e4rkenorientiertes Coaching &#8222;Erkenne und nutze deine St\u00e4rken&#8220; (Institut Henkel, Darmstadt)<\/li>\n<\/ul>\n<\/td>\n<\/tr>\n<tr>\n<td align=\"left\">seit 2018<\/td>\n<td align=\"left\">\n<ul>\n<li>buddhistische Retreats (sozialer Buddhismus)<\/li>\n<\/ul>\n<\/td>\n<\/tr>\n<tr>\n<td align=\"left\">2017<\/td>\n<td align=\"left\">\n<ul>\n<li>Massage bei Demenz<\/li>\n<li>Massage als Sterbebegleitung (Touch-Life Schule Leder &amp; von Kalckreuth)<\/li>\n<li>Achtsamkeitsschulung und Retreat (Leder &amp; von Kalckreuth)<\/li>\n<\/ul>\n<\/td>\n<\/tr>\n<tr>\n<td align=\"left\">2016\/2017<\/td>\n<td align=\"left\">\n<ul>\n<li>Assistenz am Institut Henkel Darmstadt, Begleitung der Grundausbildung<\/li>\n<\/ul>\n<\/td>\n<\/tr>\n<tr>\n<td align=\"left\">2015\/2016<\/td>\n<td align=\"left\">\n<ul>\n<li>TouchLife\u00ae-mobil Fortbildung (Gabriele Ruys, Frankfurt)<\/li>\n<\/ul>\n<\/td>\n<\/tr>\n<tr>\n<td align=\"left\">seit 2014<\/td>\n<td align=\"left\">\n<ul>\n<li>T\u00e4tigkeit als Sonderschullehrerin<\/li>\n<\/ul>\n<\/td>\n<\/tr>\n<tr>\n<td align=\"left\">&nbsp;2011<\/td>\n<td align=\"left\">\n<ul>\n<li>Geburt meines Sohnes, Elternzeit<\/li>\n<\/ul>\n<\/td>\n<\/tr>\n<tr>\n<td align=\"left\">&nbsp;2010\/2011<\/td>\n<td align=\"left\">\n<ul>\n<li>T\u00e4tigkeit als Sonderschullehrerin<\/li>\n<\/ul>\n<\/td>\n<\/tr>\n<tr>\n<td align=\"left\">&nbsp;seit 2010<\/td>\n<td align=\"left\">\n<ul>\n<li>T\u00e4tigkeit als TouchLife\u00ae Praktikerin<\/li>\n<\/ul>\n<\/td>\n<\/tr>\n<tr>\n<td align=\"left\">&nbsp;seit 2009<\/td>\n<td align=\"left\">TouchLife\u00ae Fortbildungen am Institut Henkel, Darmstadt<\/p>\n<ul>\n<li>Massage in der Seitenlage<\/li>\n<li>Meridianmassage am R\u00fccken<\/li>\n<li>Seitlicher Hals- und Haramassage<\/li>\n<li>Jahrestraining Meridian- und Organmassage<\/li>\n<li>Massage des Konzeptions- und Gouverneursgef\u00e4\u00dfes<\/li>\n<\/ul>\n<\/td>\n<\/tr>\n<\/tbody>\n<\/table>\n<\/div>\n<div class=\"fusion-clearfix\"><\/div><\/div><\/div><div class=\"fusion-layout-column fusion_builder_column_inner fusion-builder-nested-column-1 fusion_builder_column_inner_1_3 1_3 fusion-one-third fusion-column-last\" style=\"--awb-bg-size:cover;width:33.333333333333%;width:calc(33.333333333333% - ( ( 5% ) * 0.33333333333333 ) );\"><div class=\"fusion-column-wrapper fusion-column-has-shadow fusion-flex-column-wrapper-legacy\"><div class=\"fusion-image-element fusion-image-align-center in-legacy-container\" style=\"text-align:center;--awb-caption-title-font-family:var(--h2_typography-font-family);--awb-caption-title-font-weight:var(--h2_typography-font-weight);--awb-caption-title-font-style:var(--h2_typography-font-style);--awb-caption-title-size:var(--h2_typography-font-size);--awb-caption-title-transform:var(--h2_typography-text-transform);--awb-caption-title-line-height:var(--h2_typography-line-height);--awb-caption-title-letter-spacing:var(--h2_typography-letter-spacing);\"><div class=\"imageframe-align-center\"><span class=\" fusion-imageframe imageframe-none imageframe-1 hover-type-none\" style=\"border-radius:50%;\"><img decoding=\"async\" width=\"200\" height=\"200\" alt=\"judith zuehlsdorf\" title=\"013_judith_zuehlsdorf\" src=\"https:\/\/www.lass-dich-massieren.de\/wp-content\/uploads\/2020\/07\/013_judith_zuehlsdorf-200x200.png\" class=\"img-responsive wp-image-30\" srcset=\"https:\/\/www.lass-dich-massieren.de\/wp-content\/uploads\/2020\/07\/013_judith_zuehlsdorf-200x200.png 200w, https:\/\/www.lass-dich-massieren.de\/wp-content\/uploads\/2020\/07\/013_judith_zuehlsdorf-400x400.png 400w, https:\/\/www.lass-dich-massieren.de\/wp-content\/uploads\/2020\/07\/013_judith_zuehlsdorf-600x600.png 600w, https:\/\/www.lass-dich-massieren.de\/wp-content\/uploads\/2020\/07\/013_judith_zuehlsdorf-800x800.png 800w, https:\/\/www.lass-dich-massieren.de\/wp-content\/uploads\/2020\/07\/013_judith_zuehlsdorf-1200x1200.png 1200w, https:\/\/www.lass-dich-massieren.de\/wp-content\/uploads\/2020\/07\/013_judith_zuehlsdorf.png 1500w\" sizes=\"(max-width: 800px) 100vw, 400px\" \/><\/span><\/div><\/div><div class=\"fusion-sep-clear\"><\/div><div class=\"fusion-separator fusion-full-width-sep\" style=\"margin-left: auto;margin-right: auto;margin-top:10px;margin-bottom:10px;width:100%;\"><div class=\"fusion-separator-border sep-single sep-solid\" style=\"--awb-height:20px;--awb-amount:20px;--awb-sep-color:rgba(226,226,226,0);border-color:rgba(226,226,226,0);border-top-width:1px;\"><\/div><\/div><div class=\"fusion-sep-clear\"><\/div><div class=\"fusion-image-element fusion-image-align-center in-legacy-container\" style=\"text-align:center;--awb-caption-title-font-family:var(--h2_typography-font-family);--awb-caption-title-font-weight:var(--h2_typography-font-weight);--awb-caption-title-font-style:var(--h2_typography-font-style);--awb-caption-title-size:var(--h2_typography-font-size);--awb-caption-title-transform:var(--h2_typography-text-transform);--awb-caption-title-line-height:var(--h2_typography-line-height);--awb-caption-title-letter-spacing:var(--h2_typography-letter-spacing);\"><div class=\"imageframe-align-center\"><span class=\" fusion-imageframe imageframe-none imageframe-2 hover-type-none\"><img decoding=\"async\" width=\"200\" height=\"200\" alt=\"judith zuehlsdorf tonfigur mutter kind massage\" title=\"014_judith_zuehlsdorf\" src=\"https:\/\/www.lass-dich-massieren.de\/wp-content\/uploads\/2020\/07\/014_judith_zuehlsdorf-200x200.png\" class=\"img-responsive wp-image-31\" srcset=\"https:\/\/www.lass-dich-massieren.de\/wp-content\/uploads\/2020\/07\/014_judith_zuehlsdorf-200x200.png 200w, https:\/\/www.lass-dich-massieren.de\/wp-content\/uploads\/2020\/07\/014_judith_zuehlsdorf-400x400.png 400w, https:\/\/www.lass-dich-massieren.de\/wp-content\/uploads\/2020\/07\/014_judith_zuehlsdorf-600x600.png 600w, https:\/\/www.lass-dich-massieren.de\/wp-content\/uploads\/2020\/07\/014_judith_zuehlsdorf-800x800.png 800w, https:\/\/www.lass-dich-massieren.de\/wp-content\/uploads\/2020\/07\/014_judith_zuehlsdorf-1200x1200.png 1200w, https:\/\/www.lass-dich-massieren.de\/wp-content\/uploads\/2020\/07\/014_judith_zuehlsdorf.png 1500w\" sizes=\"(max-width: 800px) 100vw, 400px\" \/><\/span><\/div><\/div><div class=\"fusion-sep-clear\"><\/div><div class=\"fusion-separator fusion-full-width-sep\" style=\"margin-left: auto;margin-right: auto;margin-top:10px;margin-bottom:10px;width:100%;\"><div class=\"fusion-separator-border sep-single sep-solid\" style=\"--awb-height:20px;--awb-amount:20px;--awb-sep-color:rgba(226,226,226,0);border-color:rgba(226,226,226,0);border-top-width:1px;\"><\/div><\/div><div class=\"fusion-sep-clear\"><\/div><div class=\"fusion-image-element fusion-image-align-center in-legacy-container\" style=\"text-align:center;--awb-caption-title-font-family:var(--h2_typography-font-family);--awb-caption-title-font-weight:var(--h2_typography-font-weight);--awb-caption-title-font-style:var(--h2_typography-font-style);--awb-caption-title-size:var(--h2_typography-font-size);--awb-caption-title-transform:var(--h2_typography-text-transform);--awb-caption-title-line-height:var(--h2_typography-line-height);--awb-caption-title-letter-spacing:var(--h2_typography-letter-spacing);\"><div class=\"imageframe-align-center\"><span class=\" fusion-imageframe imageframe-none imageframe-3 hover-type-none\" style=\"border-radius:50%;\"><img decoding=\"async\" width=\"200\" height=\"200\" alt=\"judith zuehlsdorf massage bauch h\u00e4nde\" title=\"015_judith_massage\" src=\"https:\/\/www.lass-dich-massieren.de\/wp-content\/uploads\/2020\/07\/015_judith_massage-200x200.png\" class=\"img-responsive wp-image-32\" srcset=\"https:\/\/www.lass-dich-massieren.de\/wp-content\/uploads\/2020\/07\/015_judith_massage-200x200.png 200w, https:\/\/www.lass-dich-massieren.de\/wp-content\/uploads\/2020\/07\/015_judith_massage-400x400.png 400w, https:\/\/www.lass-dich-massieren.de\/wp-content\/uploads\/2020\/07\/015_judith_massage-600x600.png 600w, https:\/\/www.lass-dich-massieren.de\/wp-content\/uploads\/2020\/07\/015_judith_massage-800x800.png 800w, https:\/\/www.lass-dich-massieren.de\/wp-content\/uploads\/2020\/07\/015_judith_massage-1200x1200.png 1200w, https:\/\/www.lass-dich-massieren.de\/wp-content\/uploads\/2020\/07\/015_judith_massage.png 1500w\" sizes=\"(max-width: 800px) 100vw, 400px\" \/><\/span><\/div><\/div><div class=\"fusion-sep-clear\"><\/div><div class=\"fusion-separator fusion-full-width-sep\" style=\"margin-left: auto;margin-right: auto;margin-top:10px;margin-bottom:100px;width:100%;\"><div class=\"fusion-separator-border sep-single sep-solid\" style=\"--awb-height:20px;--awb-amount:20px;--awb-sep-color:rgba(226,226,226,0);border-color:rgba(226,226,226,0);border-top-width:1px;\"><\/div><\/div><div class=\"fusion-sep-clear\"><\/div><div class=\"fusion-image-element fusion-image-align-center in-legacy-container\" style=\"text-align:center;--awb-caption-title-font-family:var(--h2_typography-font-family);--awb-caption-title-font-weight:var(--h2_typography-font-weight);--awb-caption-title-font-style:var(--h2_typography-font-style);--awb-caption-title-size:var(--h2_typography-font-size);--awb-caption-title-transform:var(--h2_typography-text-transform);--awb-caption-title-line-height:var(--h2_typography-line-height);--awb-caption-title-letter-spacing:var(--h2_typography-letter-spacing);\"><div class=\"imageframe-align-center\"><span class=\" fusion-imageframe imageframe-none imageframe-4 hover-type-none\"><img decoding=\"async\" width=\"1316\" height=\"2560\" alt=\"muscheln achtsamkeit zeit fuer sich kraft schoepfen\" title=\"018_judith_zuehlsdorf_massage\" src=\"https:\/\/www.lass-dich-massieren.de\/wp-content\/uploads\/2020\/07\/018_judith_zuehlsdorf_massage-scaled.jpg\" class=\"img-responsive wp-image-82\" srcset=\"https:\/\/www.lass-dich-massieren.de\/wp-content\/uploads\/2020\/07\/018_judith_zuehlsdorf_massage-200x389.jpg 200w, https:\/\/www.lass-dich-massieren.de\/wp-content\/uploads\/2020\/07\/018_judith_zuehlsdorf_massage-400x778.jpg 400w, https:\/\/www.lass-dich-massieren.de\/wp-content\/uploads\/2020\/07\/018_judith_zuehlsdorf_massage-600x1168.jpg 600w, https:\/\/www.lass-dich-massieren.de\/wp-content\/uploads\/2020\/07\/018_judith_zuehlsdorf_massage-800x1557.jpg 800w, https:\/\/www.lass-dich-massieren.de\/wp-content\/uploads\/2020\/07\/018_judith_zuehlsdorf_massage-1200x2335.jpg 1200w, https:\/\/www.lass-dich-massieren.de\/wp-content\/uploads\/2020\/07\/018_judith_zuehlsdorf_massage-scaled.jpg 1316w\" sizes=\"(max-width: 800px) 100vw, 400px\" \/><\/span><\/div><\/div><div class=\"fusion-clearfix\"><\/div><\/div><\/div><\/div><div class=\"fusion-clearfix\"><\/div><\/div><\/div><div class=\"fusion-layout-column fusion_builder_column fusion-builder-column-2 fusion_builder_column_1_5 1_5 fusion-one-fifth fusion-column-last\" style=\"--awb-bg-size:cover;width:20%;width:calc(20% - ( ( 4% + 4% ) * 0.2 ) );\"><div class=\"fusion-column-wrapper fusion-column-has-shadow fusion-flex-column-wrapper-legacy\"><div class=\"fusion-clearfix\"><\/div><\/div><\/div><\/div><\/div>\n","protected":false},"excerpt":{"rendered":"","protected":false},"author":1,"featured_media":0,"parent":0,"menu_order":0,"comment_status":"closed","ping_status":"closed","template":"100-width.php","meta":{"footnotes":""},"class_list":["post-110","page","type-page","status-publish","hentry"],"yoast_head":"<!-- This site is optimized with the Yoast SEO plugin v26.8 - https:\/\/yoast.com\/product\/yoast-seo-wordpress\/ -->\n<title>\u00dcber mich | lass-dich-massieren.de<\/title>\n<meta name=\"robots\" content=\"index, follow, max-snippet:-1, max-image-preview:large, max-video-preview:-1\" \/>\n<link rel=\"canonical\" href=\"https:\/\/www.lass-dich-massieren.de\/?page_id=110\" \/>\n<meta property=\"og:locale\" content=\"de_DE\" \/>\n<meta property=\"og:type\" content=\"article\" \/>\n<meta property=\"og:title\" content=\"\u00dcber mich | lass-dich-massieren.de\" \/>\n<meta property=\"og:url\" content=\"https:\/\/www.lass-dich-massieren.de\/?page_id=110\" \/>\n<meta property=\"og:site_name\" content=\"lass-dich-massieren.de\" \/>\n<meta property=\"article:modified_time\" content=\"2025-11-09T12:47:03+00:00\" \/>\n<meta name=\"twitter:card\" content=\"summary_large_image\" \/>\n<meta name=\"twitter:label1\" content=\"Gesch\u00e4tzte Lesezeit\" \/>\n\t<meta name=\"twitter:data1\" content=\"9\u00a0Minuten\" \/>\n<script type=\"application\/ld+json\" class=\"yoast-schema-graph\">{\"@context\":\"https:\/\/schema.org\",\"@graph\":[{\"@type\":\"WebPage\",\"@id\":\"https:\/\/www.lass-dich-massieren.de\/?page_id=110\",\"url\":\"https:\/\/www.lass-dich-massieren.de\/?page_id=110\",\"name\":\"\u00dcber mich | lass-dich-massieren.de\",\"isPartOf\":{\"@id\":\"\/#website\"},\"datePublished\":\"2020-08-11T09:31:45+00:00\",\"dateModified\":\"2025-11-09T12:47:03+00:00\",\"breadcrumb\":{\"@id\":\"https:\/\/www.lass-dich-massieren.de\/?page_id=110#breadcrumb\"},\"inLanguage\":\"de\",\"potentialAction\":[{\"@type\":\"ReadAction\",\"target\":[\"https:\/\/www.lass-dich-massieren.de\/?page_id=110\"]}]},{\"@type\":\"BreadcrumbList\",\"@id\":\"https:\/\/www.lass-dich-massieren.de\/?page_id=110#breadcrumb\",\"itemListElement\":[{\"@type\":\"ListItem\",\"position\":1,\"name\":\"Startseite\",\"item\":\"https:\/\/www.lass-dich-massieren.de\/\"},{\"@type\":\"ListItem\",\"position\":2,\"name\":\"\u00dcber mich\"}]},{\"@type\":\"WebSite\",\"@id\":\"\/#website\",\"url\":\"\/\",\"name\":\"lass-dich-massieren.de\",\"description\":\"TouchLife Massage Waiblingen Hegnach\",\"publisher\":{\"@id\":\"\/#\/schema\/person\/c1a815c0486882041b1f9eba19ca2c96\"},\"potentialAction\":[{\"@type\":\"SearchAction\",\"target\":{\"@type\":\"EntryPoint\",\"urlTemplate\":\"\/?s={search_term_string}\"},\"query-input\":{\"@type\":\"PropertyValueSpecification\",\"valueRequired\":true,\"valueName\":\"search_term_string\"}}],\"inLanguage\":\"de\"},{\"@type\":[\"Person\",\"Organization\"],\"@id\":\"\/#\/schema\/person\/c1a815c0486882041b1f9eba19ca2c96\",\"name\":\"Judith Z\u00fchlsdorf\",\"image\":{\"@type\":\"ImageObject\",\"inLanguage\":\"de\",\"@id\":\"\/#\/schema\/person\/image\/\",\"url\":\"https:\/\/secure.gravatar.com\/avatar\/32182397bdc9087a6e87981fed252a2a?s=96&d=mm&r=g\",\"contentUrl\":\"https:\/\/secure.gravatar.com\/avatar\/32182397bdc9087a6e87981fed252a2a?s=96&d=mm&r=g\",\"caption\":\"Judith Z\u00fchlsdorf\"},\"logo\":{\"@id\":\"\/#\/schema\/person\/image\/\"},\"sameAs\":[\"http:\/\/www.lass-dich-massieren.de\"]}]}<\/script>\n<!-- \/ Yoast SEO plugin. -->","yoast_head_json":{"title":"\u00dcber mich | lass-dich-massieren.de","robots":{"index":"index","follow":"follow","max-snippet":"max-snippet:-1","max-image-preview":"max-image-preview:large","max-video-preview":"max-video-preview:-1"},"canonical":"https:\/\/www.lass-dich-massieren.de\/?page_id=110","og_locale":"de_DE","og_type":"article","og_title":"\u00dcber mich | lass-dich-massieren.de","og_url":"https:\/\/www.lass-dich-massieren.de\/?page_id=110","og_site_name":"lass-dich-massieren.de","article_modified_time":"2025-11-09T12:47:03+00:00","twitter_card":"summary_large_image","twitter_misc":{"Gesch\u00e4tzte Lesezeit":"9\u00a0Minuten"},"schema":{"@context":"https:\/\/schema.org","@graph":[{"@type":"WebPage","@id":"https:\/\/www.lass-dich-massieren.de\/?page_id=110","url":"https:\/\/www.lass-dich-massieren.de\/?page_id=110","name":"\u00dcber mich | lass-dich-massieren.de","isPartOf":{"@id":"\/#website"},"datePublished":"2020-08-11T09:31:45+00:00","dateModified":"2025-11-09T12:47:03+00:00","breadcrumb":{"@id":"https:\/\/www.lass-dich-massieren.de\/?page_id=110#breadcrumb"},"inLanguage":"de","potentialAction":[{"@type":"ReadAction","target":["https:\/\/www.lass-dich-massieren.de\/?page_id=110"]}]},{"@type":"BreadcrumbList","@id":"https:\/\/www.lass-dich-massieren.de\/?page_id=110#breadcrumb","itemListElement":[{"@type":"ListItem","position":1,"name":"Startseite","item":"https:\/\/www.lass-dich-massieren.de\/"},{"@type":"ListItem","position":2,"name":"\u00dcber mich"}]},{"@type":"WebSite","@id":"\/#website","url":"\/","name":"lass-dich-massieren.de","description":"TouchLife Massage Waiblingen Hegnach","publisher":{"@id":"\/#\/schema\/person\/c1a815c0486882041b1f9eba19ca2c96"},"potentialAction":[{"@type":"SearchAction","target":{"@type":"EntryPoint","urlTemplate":"\/?s={search_term_string}"},"query-input":{"@type":"PropertyValueSpecification","valueRequired":true,"valueName":"search_term_string"}}],"inLanguage":"de"},{"@type":["Person","Organization"],"@id":"\/#\/schema\/person\/c1a815c0486882041b1f9eba19ca2c96","name":"Judith Z\u00fchlsdorf","image":{"@type":"ImageObject","inLanguage":"de","@id":"\/#\/schema\/person\/image\/","url":"https:\/\/secure.gravatar.com\/avatar\/32182397bdc9087a6e87981fed252a2a?s=96&d=mm&r=g","contentUrl":"https:\/\/secure.gravatar.com\/avatar\/32182397bdc9087a6e87981fed252a2a?s=96&d=mm&r=g","caption":"Judith Z\u00fchlsdorf"},"logo":{"@id":"\/#\/schema\/person\/image\/"},"sameAs":["http:\/\/www.lass-dich-massieren.de"]}]}},"_links":{"self":[{"href":"https:\/\/www.lass-dich-massieren.de\/index.php?rest_route=\/wp\/v2\/pages\/110","targetHints":{"allow":["GET"]}}],"collection":[{"href":"https:\/\/www.lass-dich-massieren.de\/index.php?rest_route=\/wp\/v2\/pages"}],"about":[{"href":"https:\/\/www.lass-dich-massieren.de\/index.php?rest_route=\/wp\/v2\/types\/page"}],"author":[{"embeddable":true,"href":"https:\/\/www.lass-dich-massieren.de\/index.php?rest_route=\/wp\/v2\/users\/1"}],"replies":[{"embeddable":true,"href":"https:\/\/www.lass-dich-massieren.de\/index.php?rest_route=%2Fwp%2Fv2%2Fcomments&post=110"}],"version-history":[{"count":25,"href":"https:\/\/www.lass-dich-massieren.de\/index.php?rest_route=\/wp\/v2\/pages\/110\/revisions"}],"predecessor-version":[{"id":282,"href":"https:\/\/www.lass-dich-massieren.de\/index.php?rest_route=\/wp\/v2\/pages\/110\/revisions\/282"}],"wp:attachment":[{"href":"https:\/\/www.lass-dich-massieren.de\/index.php?rest_route=%2Fwp%2Fv2%2Fmedia&parent=110"}],"curies":[{"name":"wp","href":"https:\/\/api.w.org\/{rel}","templated":true}]}}